{"id":20277,"date":"2020-02-18T11:55:45","date_gmt":"2020-02-18T09:55:45","guid":{"rendered":"https:\/\/homeportugal.ch\/agenten\/"},"modified":"2025-05-25T09:33:42","modified_gmt":"2025-05-25T07:33:42","slug":"immobilienagenten-portugal","status":"publish","type":"page","link":"https:\/\/homeportugal.ch\/de\/immobilienagenten-portugal\/","title":{"rendered":"Agenten"},"content":{"rendered":"\t\t<div data-elementor-type=\"wp-page\" data-elementor-id=\"20277\" class=\"elementor elementor-20277 elementor-56\">\n\t\t\t\t<div class=\"elementor-element elementor-element-6f4c6dd e-flex e-con-boxed e-con e-parent\" data-id=\"6f4c6dd\" data-element_type=\"container\" data-e-type=\"container\">\n\t\t\t\t\t<div class=\"e-con-inner\">\n\t\t\t\t<div class=\"elementor-element elementor-element-d8e2542 elementor-widget elementor-widget-heading\" data-id=\"d8e2542\" data-element_type=\"widget\" data-e-type=\"widget\" data-widget_type=\"heading.default\">\n\t\t\t\t\t<h2 class=\"elementor-heading-title elementor-size-default\">Treffen Sie unsere erfahrenen Immobilienmakler in Portugal - Fachkundige Beratung beim Kauf und Verkauf von Immobilien<\/h2>\t\t\t\t<\/div>\n\t\t\t\t<div class=\"elementor-element elementor-element-79eda5e elementor-widget elementor-widget-spacer\" data-id=\"79eda5e\" data-element_type=\"widget\" data-e-type=\"widget\" data-widget_type=\"spacer.default\">\n\t\t\t\t\t\t\t<div class=\"elementor-spacer\">\n\t\t\t<div class=\"elementor-spacer-inner\"><\/div>\n\t\t<\/div>\n\t\t\t\t\t\t<\/div>\n\t\t\t\t<div class=\"elementor-element elementor-element-578857f elementor-widget elementor-widget-text-editor\" data-id=\"578857f\" data-element_type=\"widget\" data-e-type=\"widget\" data-widget_type=\"text-editor.default\">\n\t\t\t\t\t\t\t\t\t<h6 data-start=\"308\" data-end=\"365\">Finden Sie die perfekte Immobilie mit unseren erfahrenen Maklern<\/h6><p data-start=\"367\" data-end=\"745\">M\u00f6chten Sie eine Immobilie in Portugal kaufen oder verkaufen? Unser Team von erfahrenen Immobilienmaklern hilft Ihnen, sich auf dem portugiesischen Immobilienmarkt zurechtzufinden. Ganz gleich, ob Sie eine Luxusvilla an der Algarve, ein modernes Apartment in Lissabon oder eine Anlageimmobilie in Porto suchen, wir sind f\u00fcr Sie da und begleiten Sie durch jeden Schritt des Prozesses.  <\/p><h6>Warum sollten Sie unsere Immobilienmakler w\u00e4hlen?<\/h6><h6>1. Lokale Expertise &amp; Marktkenntnis<\/h6><p data-start=\"840\" data-end=\"1109\">Mit jahrelanger Erfahrung auf dem portugiesischen Immobilienmarkt bieten unsere Makler fundierte Marktanalysen und wertvolle Einblicke, damit Sie die besten Entscheidungen treffen k\u00f6nnen. Wir kennen die neuesten Markttrends, Preisstrategien und Investitionsm\u00f6glichkeiten. <\/p><h6 data-start=\"1111\" data-end=\"1162\">2. Mehrsprachige Immobilienexperten<\/h6><p data-start=\"1163\" data-end=\"1437\">Unser Team spricht mehrere Sprachen, darunter Schweizerdeutsch, Deutsch, Englisch, Portugiesisch, Spanisch, Rum\u00e4nisch und Italienisch, um eine nahtlose Kommunikation mit internationalen Kunden zu gew\u00e4hrleisten. Ganz gleich, ob Sie umziehen, investieren oder ein Ferienhaus kaufen m\u00f6chten, wir sorgen daf\u00fcr, dass der Prozess reibungslos und stressfrei verl\u00e4uft. <\/p><h6 data-start=\"1439\" data-end=\"1499\">3. Ma\u00dfgeschneiderte Immobiliensuche &amp; Pers\u00f6nlicher Service<\/h6><p data-start=\"1500\" data-end=\"1783\">Wir nehmen uns die Zeit, Ihre Bed\u00fcrfnisse und Vorlieben zu verstehen und bieten Ihnen eine pers\u00f6nliche Auswahl an Immobilien, die zu Ihrem Lebensstil und Ihrem Budget passen. Ganz gleich, ob Sie einen R\u00fcckzugsort am Meer, eine Stadtwohnung oder ein Anwesen auf dem Land suchen, wir geben Ihnen ma\u00dfgeschneiderte Empfehlungen. <\/p><h6 data-start=\"1785\" data-end=\"1839\">4. Full-Service-Unterst\u00fctzung von Anfang bis Ende<\/h6><p data-start=\"1840\" data-end=\"1971\">Von der ersten Beratung bis zum Abschluss des Gesch\u00e4fts k\u00fcmmern sich unsere Makler um alle Aspekte der Immobilientransaktion. Wir helfen bei: <\/p><ul data-start=\"1972\" data-end=\"2151\"><li data-start=\"1972\" data-end=\"2014\">Immobilienbesichtigungen und Verhandlungen<\/li><li data-start=\"2015\" data-end=\"2049\">Rechtliche und finanzielle Beratung<\/li><li data-start=\"2050\" data-end=\"2091\">Beratung zu Wohnsitz und Investitionen<\/li><li data-start=\"2092\" data-end=\"2151\">Dienstleistungen nach dem Verkauf, einschlie\u00dflich Immobilienverwaltung<\/li><\/ul><h6 data-start=\"2153\" data-end=\"2210\">Kaufen oder verkaufen Sie Immobilien in Portugal mit Zuversicht<\/h6><p data-start=\"2212\" data-end=\"2387\">Mit einem starken Netzwerk von K\u00e4ufern, Verk\u00e4ufern und Investoren sorgt unser Immobilienb\u00fcro f\u00fcr maximale Aufmerksamkeit f\u00fcr Ihre Immobilie und bringt Sie mit den richtigen Gelegenheiten zusammen.<\/p><p data-start=\"2389\" data-end=\"2539\">Kontaktieren Sie uns noch heute, um mit einem unserer erfahrenen Immobilienmakler zu sprechen und Ihre Reise zum Kauf oder Verkauf einer Immobilie in Portugal zu beginnen!<\/p>\t\t\t\t\t\t\t\t<\/div>\n\t\t\t\t\t<\/div>\n\t\t\t\t<\/div>\n\t\t\t\t<\/div>\n\t\t","protected":false},"excerpt":{"rendered":"<p>Treffen Sie unsere erfahrenen Immobilienmakler in Portugal &#8211; Fachkundige Beratung beim Kauf und Verkauf von Immobilien Finden Sie die perfekte Immobilie mit unseren erfahrenen Maklern M\u00f6chten Sie eine Immobilie in Portugal kaufen oder verkaufen? Unser Team von erfahrenen Immobilienmaklern hilft Ihnen, sich auf dem portugiesischen Immobilienmarkt zurechtzufinden. Ganz gleich, ob Sie eine Luxusvilla an der [&hellip;]<\/p>\n","protected":false},"author":1,"featured_media":0,"parent":0,"menu_order":0,"comment_status":"closed","ping_status":"closed","template":"template\/template-agents.php","meta":{"footnotes":""},"class_list":["post-20277","page","type-page","status-publish","hentry"],"yoast_head":"<!-- This site is optimized with the Yoast SEO plugin v27.6 - https:\/\/yoast.com\/product\/yoast-seo-wordpress\/ -->\n<title>\u2705Treffen Sie unsere erfahrenen Immobilienmakler in Portugal | HomePortugal<\/title>\n<meta name=\"description\" content=\"Verbinden Sie sich mit professionellen Maklern in Portugal bei HomePortugal. Unser mehrsprachiges Team ist bereit, Sie bei der Suche nach Ihrer Traumimmobilie zu unterst\u00fctzen.\" \/>\n<meta name=\"robots\" content=\"index, follow, max-snippet:-1, max-image-preview:large, max-video-preview:-1\" \/>\n<link rel=\"canonical\" href=\"https:\/\/homeportugal.ch\/de\/immobilienagenten-portugal\/\" \/>\n<meta property=\"og:locale\" content=\"de_DE\" \/>\n<meta property=\"og:type\" content=\"article\" \/>\n<meta property=\"og:title\" content=\"Immobilienmakler Portugal f\u00fcr Ihr Traumhaus\" \/>\n<meta property=\"og:description\" content=\"Finden Sie Ihre Traumimmobilie in Portugal mit unseren erfahrenen Immobilienmaklern. Vertrauen Sie unserem Team f\u00fcr ma\u00dfgeschneiderte Beratung und Unterst\u00fctzung.\" \/>\n<meta property=\"og:url\" content=\"https:\/\/homeportugal.ch\/de\/immobilienagenten-portugal\/\" \/>\n<meta property=\"og:site_name\" content=\"Homeportugal Exklusive Immobilien, Villen &amp; Bauland zum Kauf!\" \/>\n<meta property=\"article:publisher\" content=\"https:\/\/www.facebook.com\/profile.php?id=61573560402964\" \/>\n<meta property=\"article:modified_time\" content=\"2025-05-25T07:33:42+00:00\" \/>\n<meta property=\"og:image\" content=\"https:\/\/homeportugal.ch\/wp-content\/uploads\/2025\/02\/varga.svg\" \/>\n<meta name=\"twitter:card\" content=\"summary_large_image\" \/>\n<meta name=\"twitter:title\" content=\"Immobilienmakler Portugal: Ihr Leitfaden f\u00fcr den Hauskauf\" \/>\n<meta name=\"twitter:description\" content=\"Setzen Sie sich mit den besten Immobilienmaklern in Portugal in Verbindung, um personalisierte Immobilienservices und fachkundige Marktkenntnisse zu erhalten.\" \/>\n<meta name=\"twitter:image\" content=\"https:\/\/homeportugal.ch\/wp-content\/uploads\/2024\/08\/AdobeStock_671664842-scaled-1-1024x574.jpg\" \/>\n<meta name=\"twitter:site\" content=\"@HomePortugalCH\" \/>\n<meta name=\"twitter:label1\" content=\"Gesch\u00e4tzte Lesezeit\" \/>\n\t<meta name=\"twitter:data1\" content=\"2 Minuten\" \/>\n<script type=\"application\/ld+json\" class=\"yoast-schema-graph\">{\"@context\":\"https:\\\/\\\/schema.org\",\"@graph\":[{\"@type\":\"WebPage\",\"@id\":\"https:\\\/\\\/homeportugal.ch\\\/de\\\/immobilienagenten-portugal\\\/\",\"url\":\"https:\\\/\\\/homeportugal.ch\\\/de\\\/immobilienagenten-portugal\\\/\",\"name\":\"\u2705Treffen Sie unsere erfahrenen Immobilienmakler in Portugal | HomePortugal\",\"isPartOf\":{\"@id\":\"https:\\\/\\\/homeportugal.ch\\\/de\\\/#website\"},\"datePublished\":\"2020-02-18T09:55:45+00:00\",\"dateModified\":\"2025-05-25T07:33:42+00:00\",\"description\":\"Verbinden Sie sich mit professionellen Maklern in Portugal bei HomePortugal. Unser mehrsprachiges Team ist bereit, Sie bei der Suche nach Ihrer Traumimmobilie zu unterst\u00fctzen.\",\"breadcrumb\":{\"@id\":\"https:\\\/\\\/homeportugal.ch\\\/de\\\/immobilienagenten-portugal\\\/#breadcrumb\"},\"inLanguage\":\"de\",\"potentialAction\":[{\"@type\":\"ReadAction\",\"target\":[\"https:\\\/\\\/homeportugal.ch\\\/de\\\/immobilienagenten-portugal\\\/\"]}]},{\"@type\":\"BreadcrumbList\",\"@id\":\"https:\\\/\\\/homeportugal.ch\\\/de\\\/immobilienagenten-portugal\\\/#breadcrumb\",\"itemListElement\":[{\"@type\":\"ListItem\",\"position\":1,\"name\":\"Startseite\",\"item\":\"https:\\\/\\\/homeportugal.ch\\\/de\\\/\"},{\"@type\":\"ListItem\",\"position\":2,\"name\":\"Agenten\"}]},{\"@type\":\"WebSite\",\"@id\":\"https:\\\/\\\/homeportugal.ch\\\/de\\\/#website\",\"url\":\"https:\\\/\\\/homeportugal.ch\\\/de\\\/\",\"name\":\"Home portugal\",\"description\":\"Ihr Traumhaus in Portugal\",\"publisher\":{\"@id\":\"https:\\\/\\\/homeportugal.ch\\\/de\\\/#organization\"},\"potentialAction\":[{\"@type\":\"SearchAction\",\"target\":{\"@type\":\"EntryPoint\",\"urlTemplate\":\"https:\\\/\\\/homeportugal.ch\\\/de\\\/?s={search_term_string}\"},\"query-input\":{\"@type\":\"PropertyValueSpecification\",\"valueRequired\":true,\"valueName\":\"search_term_string\"}}],\"inLanguage\":\"de\"},{\"@type\":\"Organization\",\"@id\":\"https:\\\/\\\/homeportugal.ch\\\/de\\\/#organization\",\"name\":\"Startseite Portugal\",\"url\":\"https:\\\/\\\/homeportugal.ch\\\/de\\\/\",\"logo\":{\"@type\":\"ImageObject\",\"inLanguage\":\"de\",\"@id\":\"https:\\\/\\\/homeportugal.ch\\\/de\\\/#\\\/schema\\\/logo\\\/image\\\/\",\"url\":\"https:\\\/\\\/homeportugal.ch\\\/wp-content\\\/uploads\\\/2025\\\/05\\\/favicon.svg\",\"contentUrl\":\"https:\\\/\\\/homeportugal.ch\\\/wp-content\\\/uploads\\\/2025\\\/05\\\/favicon.svg\",\"width\":512,\"height\":512,\"caption\":\"Startseite Portugal\"},\"image\":{\"@id\":\"https:\\\/\\\/homeportugal.ch\\\/de\\\/#\\\/schema\\\/logo\\\/image\\\/\"},\"sameAs\":[\"https:\\\/\\\/www.facebook.com\\\/profile.php?id=61573560402964\",\"https:\\\/\\\/x.com\\\/HomePortugalCH\",\"https:\\\/\\\/www.instagram.com\\\/homeportugalch\\\/\",\"https:\\\/\\\/www.tiktok.com\\\/@home.portugal\"]}]}<\/script>\n<!-- \/ Yoast SEO plugin. -->","yoast_head_json":{"title":"\u2705Treffen Sie unsere erfahrenen Immobilienmakler in Portugal | HomePortugal","description":"Verbinden Sie sich mit professionellen Maklern in Portugal bei HomePortugal. Unser mehrsprachiges Team ist bereit, Sie bei der Suche nach Ihrer Traumimmobilie zu unterst\u00fctzen.","robots":{"index":"index","follow":"follow","max-snippet":"max-snippet:-1","max-image-preview":"max-image-preview:large","max-video-preview":"max-video-preview:-1"},"canonical":"https:\/\/homeportugal.ch\/de\/immobilienagenten-portugal\/","og_locale":"de_DE","og_type":"article","og_title":"Immobilienmakler Portugal f\u00fcr Ihr Traumhaus","og_description":"Finden Sie Ihre Traumimmobilie in Portugal mit unseren erfahrenen Immobilienmaklern. Vertrauen Sie unserem Team f\u00fcr ma\u00dfgeschneiderte Beratung und Unterst\u00fctzung.","og_url":"https:\/\/homeportugal.ch\/de\/immobilienagenten-portugal\/","og_site_name":"Homeportugal Exklusive Immobilien, Villen &amp; Bauland zum Kauf!","article_publisher":"https:\/\/www.facebook.com\/profile.php?id=61573560402964","article_modified_time":"2025-05-25T07:33:42+00:00","og_image":[{"url":"https:\/\/homeportugal.ch\/wp-content\/uploads\/2025\/02\/varga.svg","type":"","width":"","height":""}],"twitter_card":"summary_large_image","twitter_title":"Immobilienmakler Portugal: Ihr Leitfaden f\u00fcr den Hauskauf","twitter_description":"Setzen Sie sich mit den besten Immobilienmaklern in Portugal in Verbindung, um personalisierte Immobilienservices und fachkundige Marktkenntnisse zu erhalten.","twitter_image":"https:\/\/homeportugal.ch\/wp-content\/uploads\/2024\/08\/AdobeStock_671664842-scaled-1-1024x574.jpg","twitter_site":"@HomePortugalCH","twitter_misc":{"Gesch\u00e4tzte Lesezeit":"2 Minuten"},"schema":{"@context":"https:\/\/schema.org","@graph":[{"@type":"WebPage","@id":"https:\/\/homeportugal.ch\/de\/immobilienagenten-portugal\/","url":"https:\/\/homeportugal.ch\/de\/immobilienagenten-portugal\/","name":"\u2705Treffen Sie unsere erfahrenen Immobilienmakler in Portugal | HomePortugal","isPartOf":{"@id":"https:\/\/homeportugal.ch\/de\/#website"},"datePublished":"2020-02-18T09:55:45+00:00","dateModified":"2025-05-25T07:33:42+00:00","description":"Verbinden Sie sich mit professionellen Maklern in Portugal bei HomePortugal. Unser mehrsprachiges Team ist bereit, Sie bei der Suche nach Ihrer Traumimmobilie zu unterst\u00fctzen.","breadcrumb":{"@id":"https:\/\/homeportugal.ch\/de\/immobilienagenten-portugal\/#breadcrumb"},"inLanguage":"de","potentialAction":[{"@type":"ReadAction","target":["https:\/\/homeportugal.ch\/de\/immobilienagenten-portugal\/"]}]},{"@type":"BreadcrumbList","@id":"https:\/\/homeportugal.ch\/de\/immobilienagenten-portugal\/#breadcrumb","itemListElement":[{"@type":"ListItem","position":1,"name":"Startseite","item":"https:\/\/homeportugal.ch\/de\/"},{"@type":"ListItem","position":2,"name":"Agenten"}]},{"@type":"WebSite","@id":"https:\/\/homeportugal.ch\/de\/#website","url":"https:\/\/homeportugal.ch\/de\/","name":"Home portugal","description":"Ihr Traumhaus in Portugal","publisher":{"@id":"https:\/\/homeportugal.ch\/de\/#organization"},"potentialAction":[{"@type":"SearchAction","target":{"@type":"EntryPoint","urlTemplate":"https:\/\/homeportugal.ch\/de\/?s={search_term_string}"},"query-input":{"@type":"PropertyValueSpecification","valueRequired":true,"valueName":"search_term_string"}}],"inLanguage":"de"},{"@type":"Organization","@id":"https:\/\/homeportugal.ch\/de\/#organization","name":"Startseite Portugal","url":"https:\/\/homeportugal.ch\/de\/","logo":{"@type":"ImageObject","inLanguage":"de","@id":"https:\/\/homeportugal.ch\/de\/#\/schema\/logo\/image\/","url":"https:\/\/homeportugal.ch\/wp-content\/uploads\/2025\/05\/favicon.svg","contentUrl":"https:\/\/homeportugal.ch\/wp-content\/uploads\/2025\/05\/favicon.svg","width":512,"height":512,"caption":"Startseite Portugal"},"image":{"@id":"https:\/\/homeportugal.ch\/de\/#\/schema\/logo\/image\/"},"sameAs":["https:\/\/www.facebook.com\/profile.php?id=61573560402964","https:\/\/x.com\/HomePortugalCH","https:\/\/www.instagram.com\/homeportugalch\/","https:\/\/www.tiktok.com\/@home.portugal"]}]}},"_links":{"self":[{"href":"https:\/\/homeportugal.ch\/de\/wp-json\/wp\/v2\/pages\/20277","targetHints":{"allow":["GET"]}}],"collection":[{"href":"https:\/\/homeportugal.ch\/de\/wp-json\/wp\/v2\/pages"}],"about":[{"href":"https:\/\/homeportugal.ch\/de\/wp-json\/wp\/v2\/types\/page"}],"author":[{"embeddable":true,"href":"https:\/\/homeportugal.ch\/de\/wp-json\/wp\/v2\/users\/1"}],"replies":[{"embeddable":true,"href":"https:\/\/homeportugal.ch\/de\/wp-json\/wp\/v2\/comments?post=20277"}],"version-history":[{"count":3,"href":"https:\/\/homeportugal.ch\/de\/wp-json\/wp\/v2\/pages\/20277\/revisions"}],"predecessor-version":[{"id":22579,"href":"https:\/\/homeportugal.ch\/de\/wp-json\/wp\/v2\/pages\/20277\/revisions\/22579"}],"wp:attachment":[{"href":"https:\/\/homeportugal.ch\/de\/wp-json\/wp\/v2\/media?parent=20277"}],"curies":[{"name":"wp","href":"https:\/\/api.w.org\/{rel}","templated":true}]}}