{"id":20281,"date":"2020-02-13T16:43:43","date_gmt":"2020-02-13T15:43:43","guid":{"rendered":"https:\/\/homeportugal.ch\/listing-erstellen\/"},"modified":"2025-03-04T18:17:59","modified_gmt":"2025-03-04T17:17:59","slug":"immobilienanzeige-erstellen-portugal","status":"publish","type":"page","link":"https:\/\/homeportugal.ch\/de\/immobilienanzeige-erstellen-portugal\/","title":{"rendered":"Auflistung erstellen"},"content":{"rendered":"","protected":false},"excerpt":{"rendered":"","protected":false},"author":1,"featured_media":0,"parent":0,"menu_order":0,"comment_status":"closed","ping_status":"closed","template":"template\/user_dashboard_submit.php","meta":{"footnotes":""},"class_list":["post-20281","page","type-page","status-publish","hentry"],"yoast_head":"<!-- This site is optimized with the Yoast SEO plugin v27.6 - https:\/\/yoast.com\/product\/yoast-seo-wordpress\/ -->\n<title>\u2705 Erstellen Sie Ihr Immobilieninserat - Verkaufen in Portugal<\/title>\n<meta name=\"description\" content=\"Inserieren Sie Ihre zu verkaufende Immobilie in Portugal. Erstellen und verwalten Sie m\u00fchelos Immobilienangebote, um K\u00e4ufer und Investoren anzuziehen.\" \/>\n<meta name=\"robots\" content=\"index, follow, max-snippet:-1, max-image-preview:large, max-video-preview:-1\" \/>\n<link rel=\"canonical\" href=\"https:\/\/homeportugal.ch\/de\/immobilienanzeige-erstellen-portugal\/\" \/>\n<meta property=\"og:locale\" content=\"de_DE\" \/>\n<meta property=\"og:type\" content=\"article\" \/>\n<meta property=\"og:title\" content=\"Erstellen Sie Immobilienangebote in Portugal f\u00fcr schnelle Verk\u00e4ufe\" \/>\n<meta property=\"og:description\" content=\"Lernen Sie, wie Sie Immobilienangebote in Portugal effektiv erstellen und potenzielle K\u00e4ufer mit beeindruckenden Pr\u00e4sentationen anlocken k\u00f6nnen.\" \/>\n<meta property=\"og:url\" content=\"https:\/\/homeportugal.ch\/de\/immobilienanzeige-erstellen-portugal\/\" \/>\n<meta property=\"og:site_name\" content=\"Homeportugal Exklusive Immobilien, Villen &amp; Bauland zum Kauf!\" \/>\n<meta property=\"article:publisher\" content=\"https:\/\/www.facebook.com\/profile.php?id=61573560402964\" \/>\n<meta property=\"article:modified_time\" content=\"2025-03-04T17:17:59+00:00\" \/>\n<meta property=\"og:image\" content=\"https:\/\/homeportugal.ch\/wp-content\/uploads\/2023\/01\/icon-03a-284x300.png\" \/>\n<meta name=\"twitter:card\" content=\"summary_large_image\" \/>\n<meta name=\"twitter:title\" content=\"Erstellen Sie ein Immobilienangebot in Portugal, das sich schnell verkauft\" \/>\n<meta name=\"twitter:description\" content=\"Lernen Sie, wie Sie Immobilienangebote in Portugal effektiv erstellen und potenzielle K\u00e4ufer f\u00fcr Ihre Immobilien gewinnen k\u00f6nnen.\" \/>\n<meta name=\"twitter:site\" content=\"@HomePortugalCH\" \/>\n<script type=\"application\/ld+json\" class=\"yoast-schema-graph\">{\"@context\":\"https:\\\/\\\/schema.org\",\"@graph\":[{\"@type\":\"WebPage\",\"@id\":\"https:\\\/\\\/homeportugal.ch\\\/de\\\/immobilienanzeige-erstellen-portugal\\\/\",\"url\":\"https:\\\/\\\/homeportugal.ch\\\/de\\\/immobilienanzeige-erstellen-portugal\\\/\",\"name\":\"\u2705 Erstellen Sie Ihr Immobilieninserat - Verkaufen in Portugal\",\"isPartOf\":{\"@id\":\"https:\\\/\\\/homeportugal.ch\\\/de\\\/#website\"},\"datePublished\":\"2020-02-13T15:43:43+00:00\",\"dateModified\":\"2025-03-04T17:17:59+00:00\",\"description\":\"Inserieren Sie Ihre zu verkaufende Immobilie in Portugal. Erstellen und verwalten Sie m\u00fchelos Immobilienangebote, um K\u00e4ufer und Investoren anzuziehen.\",\"breadcrumb\":{\"@id\":\"https:\\\/\\\/homeportugal.ch\\\/de\\\/immobilienanzeige-erstellen-portugal\\\/#breadcrumb\"},\"inLanguage\":\"de\",\"potentialAction\":[{\"@type\":\"ReadAction\",\"target\":[\"https:\\\/\\\/homeportugal.ch\\\/de\\\/immobilienanzeige-erstellen-portugal\\\/\"]}]},{\"@type\":\"BreadcrumbList\",\"@id\":\"https:\\\/\\\/homeportugal.ch\\\/de\\\/immobilienanzeige-erstellen-portugal\\\/#breadcrumb\",\"itemListElement\":[{\"@type\":\"ListItem\",\"position\":1,\"name\":\"Startseite\",\"item\":\"https:\\\/\\\/homeportugal.ch\\\/de\\\/\"},{\"@type\":\"ListItem\",\"position\":2,\"name\":\"Auflistung erstellen\"}]},{\"@type\":\"WebSite\",\"@id\":\"https:\\\/\\\/homeportugal.ch\\\/de\\\/#website\",\"url\":\"https:\\\/\\\/homeportugal.ch\\\/de\\\/\",\"name\":\"Home portugal\",\"description\":\"Ihr Traumhaus in Portugal\",\"publisher\":{\"@id\":\"https:\\\/\\\/homeportugal.ch\\\/de\\\/#organization\"},\"potentialAction\":[{\"@type\":\"SearchAction\",\"target\":{\"@type\":\"EntryPoint\",\"urlTemplate\":\"https:\\\/\\\/homeportugal.ch\\\/de\\\/?s={search_term_string}\"},\"query-input\":{\"@type\":\"PropertyValueSpecification\",\"valueRequired\":true,\"valueName\":\"search_term_string\"}}],\"inLanguage\":\"de\"},{\"@type\":\"Organization\",\"@id\":\"https:\\\/\\\/homeportugal.ch\\\/de\\\/#organization\",\"name\":\"Startseite Portugal\",\"url\":\"https:\\\/\\\/homeportugal.ch\\\/de\\\/\",\"logo\":{\"@type\":\"ImageObject\",\"inLanguage\":\"de\",\"@id\":\"https:\\\/\\\/homeportugal.ch\\\/de\\\/#\\\/schema\\\/logo\\\/image\\\/\",\"url\":\"https:\\\/\\\/homeportugal.ch\\\/wp-content\\\/uploads\\\/2025\\\/05\\\/favicon.svg\",\"contentUrl\":\"https:\\\/\\\/homeportugal.ch\\\/wp-content\\\/uploads\\\/2025\\\/05\\\/favicon.svg\",\"width\":512,\"height\":512,\"caption\":\"Startseite Portugal\"},\"image\":{\"@id\":\"https:\\\/\\\/homeportugal.ch\\\/de\\\/#\\\/schema\\\/logo\\\/image\\\/\"},\"sameAs\":[\"https:\\\/\\\/www.facebook.com\\\/profile.php?id=61573560402964\",\"https:\\\/\\\/x.com\\\/HomePortugalCH\",\"https:\\\/\\\/www.instagram.com\\\/homeportugalch\\\/\",\"https:\\\/\\\/www.tiktok.com\\\/@home.portugal\"]}]}<\/script>\n<!-- \/ Yoast SEO plugin. -->","yoast_head_json":{"title":"\u2705 Erstellen Sie Ihr Immobilieninserat - Verkaufen in Portugal","description":"Inserieren Sie Ihre zu verkaufende Immobilie in Portugal. Erstellen und verwalten Sie m\u00fchelos Immobilienangebote, um K\u00e4ufer und Investoren anzuziehen.","robots":{"index":"index","follow":"follow","max-snippet":"max-snippet:-1","max-image-preview":"max-image-preview:large","max-video-preview":"max-video-preview:-1"},"canonical":"https:\/\/homeportugal.ch\/de\/immobilienanzeige-erstellen-portugal\/","og_locale":"de_DE","og_type":"article","og_title":"Erstellen Sie Immobilienangebote in Portugal f\u00fcr schnelle Verk\u00e4ufe","og_description":"Lernen Sie, wie Sie Immobilienangebote in Portugal effektiv erstellen und potenzielle K\u00e4ufer mit beeindruckenden Pr\u00e4sentationen anlocken k\u00f6nnen.","og_url":"https:\/\/homeportugal.ch\/de\/immobilienanzeige-erstellen-portugal\/","og_site_name":"Homeportugal Exklusive Immobilien, Villen &amp; Bauland zum Kauf!","article_publisher":"https:\/\/www.facebook.com\/profile.php?id=61573560402964","article_modified_time":"2025-03-04T17:17:59+00:00","og_image":[{"url":"https:\/\/homeportugal.ch\/wp-content\/uploads\/2023\/01\/icon-03a-284x300.png","type":"","width":"","height":""}],"twitter_card":"summary_large_image","twitter_title":"Erstellen Sie ein Immobilienangebot in Portugal, das sich schnell verkauft","twitter_description":"Lernen Sie, wie Sie Immobilienangebote in Portugal effektiv erstellen und potenzielle K\u00e4ufer f\u00fcr Ihre Immobilien gewinnen k\u00f6nnen.","twitter_site":"@HomePortugalCH","schema":{"@context":"https:\/\/schema.org","@graph":[{"@type":"WebPage","@id":"https:\/\/homeportugal.ch\/de\/immobilienanzeige-erstellen-portugal\/","url":"https:\/\/homeportugal.ch\/de\/immobilienanzeige-erstellen-portugal\/","name":"\u2705 Erstellen Sie Ihr Immobilieninserat - Verkaufen in Portugal","isPartOf":{"@id":"https:\/\/homeportugal.ch\/de\/#website"},"datePublished":"2020-02-13T15:43:43+00:00","dateModified":"2025-03-04T17:17:59+00:00","description":"Inserieren Sie Ihre zu verkaufende Immobilie in Portugal. Erstellen und verwalten Sie m\u00fchelos Immobilienangebote, um K\u00e4ufer und Investoren anzuziehen.","breadcrumb":{"@id":"https:\/\/homeportugal.ch\/de\/immobilienanzeige-erstellen-portugal\/#breadcrumb"},"inLanguage":"de","potentialAction":[{"@type":"ReadAction","target":["https:\/\/homeportugal.ch\/de\/immobilienanzeige-erstellen-portugal\/"]}]},{"@type":"BreadcrumbList","@id":"https:\/\/homeportugal.ch\/de\/immobilienanzeige-erstellen-portugal\/#breadcrumb","itemListElement":[{"@type":"ListItem","position":1,"name":"Startseite","item":"https:\/\/homeportugal.ch\/de\/"},{"@type":"ListItem","position":2,"name":"Auflistung erstellen"}]},{"@type":"WebSite","@id":"https:\/\/homeportugal.ch\/de\/#website","url":"https:\/\/homeportugal.ch\/de\/","name":"Home portugal","description":"Ihr Traumhaus in Portugal","publisher":{"@id":"https:\/\/homeportugal.ch\/de\/#organization"},"potentialAction":[{"@type":"SearchAction","target":{"@type":"EntryPoint","urlTemplate":"https:\/\/homeportugal.ch\/de\/?s={search_term_string}"},"query-input":{"@type":"PropertyValueSpecification","valueRequired":true,"valueName":"search_term_string"}}],"inLanguage":"de"},{"@type":"Organization","@id":"https:\/\/homeportugal.ch\/de\/#organization","name":"Startseite Portugal","url":"https:\/\/homeportugal.ch\/de\/","logo":{"@type":"ImageObject","inLanguage":"de","@id":"https:\/\/homeportugal.ch\/de\/#\/schema\/logo\/image\/","url":"https:\/\/homeportugal.ch\/wp-content\/uploads\/2025\/05\/favicon.svg","contentUrl":"https:\/\/homeportugal.ch\/wp-content\/uploads\/2025\/05\/favicon.svg","width":512,"height":512,"caption":"Startseite Portugal"},"image":{"@id":"https:\/\/homeportugal.ch\/de\/#\/schema\/logo\/image\/"},"sameAs":["https:\/\/www.facebook.com\/profile.php?id=61573560402964","https:\/\/x.com\/HomePortugalCH","https:\/\/www.instagram.com\/homeportugalch\/","https:\/\/www.tiktok.com\/@home.portugal"]}]}},"_links":{"self":[{"href":"https:\/\/homeportugal.ch\/de\/wp-json\/wp\/v2\/pages\/20281","targetHints":{"allow":["GET"]}}],"collection":[{"href":"https:\/\/homeportugal.ch\/de\/wp-json\/wp\/v2\/pages"}],"about":[{"href":"https:\/\/homeportugal.ch\/de\/wp-json\/wp\/v2\/types\/page"}],"author":[{"embeddable":true,"href":"https:\/\/homeportugal.ch\/de\/wp-json\/wp\/v2\/users\/1"}],"replies":[{"embeddable":true,"href":"https:\/\/homeportugal.ch\/de\/wp-json\/wp\/v2\/comments?post=20281"}],"version-history":[{"count":0,"href":"https:\/\/homeportugal.ch\/de\/wp-json\/wp\/v2\/pages\/20281\/revisions"}],"wp:attachment":[{"href":"https:\/\/homeportugal.ch\/de\/wp-json\/wp\/v2\/media?parent=20281"}],"curies":[{"name":"wp","href":"https:\/\/api.w.org\/{rel}","templated":true}]}}