{"id":20292,"date":"2016-08-17T21:05:28","date_gmt":"2016-08-17T20:05:28","guid":{"rendered":"https:\/\/homeportugal.ch\/eigenschaften-vergleichen\/"},"modified":"2025-03-04T19:02:24","modified_gmt":"2025-03-04T18:02:24","slug":"immobilien-vergleichen-portugal","status":"publish","type":"page","link":"https:\/\/homeportugal.ch\/de\/immobilien-vergleichen-portugal\/","title":{"rendered":"Immobilien vergleichen"},"content":{"rendered":"","protected":false},"excerpt":{"rendered":"","protected":false},"author":1,"featured_media":0,"parent":0,"menu_order":0,"comment_status":"closed","ping_status":"closed","template":"template\/template-compare.php","meta":{"footnotes":""},"class_list":["post-20292","page","type-page","status-publish","hentry"],"yoast_head":"<!-- This site is optimized with the Yoast SEO plugin v27.4 - https:\/\/yoast.com\/product\/yoast-seo-wordpress\/ -->\n<title>\u2705 Immobilien vergleichen in Portugal \u2013 Finden Sie Ihr Traumhaus<\/title>\n<meta name=\"description\" content=\"Vergleichen Sie Immobilien in Portugal effizient und finden Sie Ihr ideales Zuhause. Nutzen Sie unsere Plattform f\u00fcr den optimalen Vergleich.\" \/>\n<meta name=\"robots\" content=\"index, follow, max-snippet:-1, max-image-preview:large, max-video-preview:-1\" \/>\n<link rel=\"canonical\" href=\"https:\/\/homeportugal.ch\/de\/immobilien-vergleichen-portugal\/\" \/>\n<meta property=\"og:locale\" content=\"de_DE\" \/>\n<meta property=\"og:type\" content=\"article\" \/>\n<meta property=\"og:title\" content=\"Immobilien Portugal vergleichen: Ein vollst\u00e4ndiger Leitfaden\" \/>\n<meta property=\"og:description\" content=\"Erfahren Sie, wie Sie Immobilien in Portugal f\u00fcr Ihre ideale Investition vergleichen k\u00f6nnen. Entdecken Sie die besten Optionen, die heute verf\u00fcgbar sind.\" \/>\n<meta property=\"og:url\" content=\"https:\/\/homeportugal.ch\/de\/immobilien-vergleichen-portugal\/\" \/>\n<meta property=\"og:site_name\" content=\"Homeportugal Exklusive Immobilien, Villen &amp; Bauland zum Kauf!\" \/>\n<meta property=\"article:publisher\" content=\"https:\/\/www.facebook.com\/profile.php?id=61573560402964\" \/>\n<meta property=\"article:modified_time\" content=\"2025-03-04T18:02:24+00:00\" \/>\n<meta property=\"og:image\" content=\"https:\/\/homeportugal.ch\/wp-content\/uploads\/2023\/01\/icon-02a-300x286.png\" \/>\n<meta name=\"twitter:card\" content=\"summary_large_image\" \/>\n<meta name=\"twitter:title\" content=\"Immobilien Portugal vergleichen: Entdecken Sie die Optionen\" \/>\n<meta name=\"twitter:description\" content=\"Erfahren Sie, wie Sie Immobilien in Portugal vergleichen k\u00f6nnen, um die besten Immobilienangebote und Investitionsm\u00f6glichkeiten zu finden.\" \/>\n<meta name=\"twitter:site\" content=\"@HomePortugalCH\" \/>\n<script type=\"application\/ld+json\" class=\"yoast-schema-graph\">{\"@context\":\"https:\\\/\\\/schema.org\",\"@graph\":[{\"@type\":\"WebPage\",\"@id\":\"https:\\\/\\\/homeportugal.ch\\\/de\\\/immobilien-vergleichen-portugal\\\/\",\"url\":\"https:\\\/\\\/homeportugal.ch\\\/de\\\/immobilien-vergleichen-portugal\\\/\",\"name\":\"\u2705 Immobilien vergleichen in Portugal \u2013 Finden Sie Ihr Traumhaus\",\"isPartOf\":{\"@id\":\"https:\\\/\\\/homeportugal.ch\\\/de\\\/#website\"},\"datePublished\":\"2016-08-17T20:05:28+00:00\",\"dateModified\":\"2025-03-04T18:02:24+00:00\",\"description\":\"Vergleichen Sie Immobilien in Portugal effizient und finden Sie Ihr ideales Zuhause. Nutzen Sie unsere Plattform f\u00fcr den optimalen Vergleich.\",\"breadcrumb\":{\"@id\":\"https:\\\/\\\/homeportugal.ch\\\/de\\\/immobilien-vergleichen-portugal\\\/#breadcrumb\"},\"inLanguage\":\"de\",\"potentialAction\":[{\"@type\":\"ReadAction\",\"target\":[\"https:\\\/\\\/homeportugal.ch\\\/de\\\/immobilien-vergleichen-portugal\\\/\"]}]},{\"@type\":\"BreadcrumbList\",\"@id\":\"https:\\\/\\\/homeportugal.ch\\\/de\\\/immobilien-vergleichen-portugal\\\/#breadcrumb\",\"itemListElement\":[{\"@type\":\"ListItem\",\"position\":1,\"name\":\"Startseite\",\"item\":\"https:\\\/\\\/homeportugal.ch\\\/de\\\/\"},{\"@type\":\"ListItem\",\"position\":2,\"name\":\"Immobilien vergleichen\"}]},{\"@type\":\"WebSite\",\"@id\":\"https:\\\/\\\/homeportugal.ch\\\/de\\\/#website\",\"url\":\"https:\\\/\\\/homeportugal.ch\\\/de\\\/\",\"name\":\"Home portugal\",\"description\":\"Ihr Traumhaus in Portugal\",\"publisher\":{\"@id\":\"https:\\\/\\\/homeportugal.ch\\\/de\\\/#organization\"},\"potentialAction\":[{\"@type\":\"SearchAction\",\"target\":{\"@type\":\"EntryPoint\",\"urlTemplate\":\"https:\\\/\\\/homeportugal.ch\\\/de\\\/?s={search_term_string}\"},\"query-input\":{\"@type\":\"PropertyValueSpecification\",\"valueRequired\":true,\"valueName\":\"search_term_string\"}}],\"inLanguage\":\"de\"},{\"@type\":\"Organization\",\"@id\":\"https:\\\/\\\/homeportugal.ch\\\/de\\\/#organization\",\"name\":\"Startseite Portugal\",\"url\":\"https:\\\/\\\/homeportugal.ch\\\/de\\\/\",\"logo\":{\"@type\":\"ImageObject\",\"inLanguage\":\"de\",\"@id\":\"https:\\\/\\\/homeportugal.ch\\\/de\\\/#\\\/schema\\\/logo\\\/image\\\/\",\"url\":\"https:\\\/\\\/homeportugal.ch\\\/wp-content\\\/uploads\\\/2025\\\/05\\\/favicon.svg\",\"contentUrl\":\"https:\\\/\\\/homeportugal.ch\\\/wp-content\\\/uploads\\\/2025\\\/05\\\/favicon.svg\",\"width\":512,\"height\":512,\"caption\":\"Startseite Portugal\"},\"image\":{\"@id\":\"https:\\\/\\\/homeportugal.ch\\\/de\\\/#\\\/schema\\\/logo\\\/image\\\/\"},\"sameAs\":[\"https:\\\/\\\/www.facebook.com\\\/profile.php?id=61573560402964\",\"https:\\\/\\\/x.com\\\/HomePortugalCH\",\"https:\\\/\\\/www.instagram.com\\\/homeportugalch\\\/\",\"https:\\\/\\\/www.tiktok.com\\\/@home.portugal\"]}]}<\/script>\n<!-- \/ Yoast SEO plugin. -->","yoast_head_json":{"title":"\u2705 Immobilien vergleichen in Portugal \u2013 Finden Sie Ihr Traumhaus","description":"Vergleichen Sie Immobilien in Portugal effizient und finden Sie Ihr ideales Zuhause. Nutzen Sie unsere Plattform f\u00fcr den optimalen Vergleich.","robots":{"index":"index","follow":"follow","max-snippet":"max-snippet:-1","max-image-preview":"max-image-preview:large","max-video-preview":"max-video-preview:-1"},"canonical":"https:\/\/homeportugal.ch\/de\/immobilien-vergleichen-portugal\/","og_locale":"de_DE","og_type":"article","og_title":"Immobilien Portugal vergleichen: Ein vollst\u00e4ndiger Leitfaden","og_description":"Erfahren Sie, wie Sie Immobilien in Portugal f\u00fcr Ihre ideale Investition vergleichen k\u00f6nnen. Entdecken Sie die besten Optionen, die heute verf\u00fcgbar sind.","og_url":"https:\/\/homeportugal.ch\/de\/immobilien-vergleichen-portugal\/","og_site_name":"Homeportugal Exklusive Immobilien, Villen &amp; Bauland zum Kauf!","article_publisher":"https:\/\/www.facebook.com\/profile.php?id=61573560402964","article_modified_time":"2025-03-04T18:02:24+00:00","og_image":[{"url":"https:\/\/homeportugal.ch\/wp-content\/uploads\/2023\/01\/icon-02a-300x286.png","type":"","width":"","height":""}],"twitter_card":"summary_large_image","twitter_title":"Immobilien Portugal vergleichen: Entdecken Sie die Optionen","twitter_description":"Erfahren Sie, wie Sie Immobilien in Portugal vergleichen k\u00f6nnen, um die besten Immobilienangebote und Investitionsm\u00f6glichkeiten zu finden.","twitter_site":"@HomePortugalCH","schema":{"@context":"https:\/\/schema.org","@graph":[{"@type":"WebPage","@id":"https:\/\/homeportugal.ch\/de\/immobilien-vergleichen-portugal\/","url":"https:\/\/homeportugal.ch\/de\/immobilien-vergleichen-portugal\/","name":"\u2705 Immobilien vergleichen in Portugal \u2013 Finden Sie Ihr Traumhaus","isPartOf":{"@id":"https:\/\/homeportugal.ch\/de\/#website"},"datePublished":"2016-08-17T20:05:28+00:00","dateModified":"2025-03-04T18:02:24+00:00","description":"Vergleichen Sie Immobilien in Portugal effizient und finden Sie Ihr ideales Zuhause. Nutzen Sie unsere Plattform f\u00fcr den optimalen Vergleich.","breadcrumb":{"@id":"https:\/\/homeportugal.ch\/de\/immobilien-vergleichen-portugal\/#breadcrumb"},"inLanguage":"de","potentialAction":[{"@type":"ReadAction","target":["https:\/\/homeportugal.ch\/de\/immobilien-vergleichen-portugal\/"]}]},{"@type":"BreadcrumbList","@id":"https:\/\/homeportugal.ch\/de\/immobilien-vergleichen-portugal\/#breadcrumb","itemListElement":[{"@type":"ListItem","position":1,"name":"Startseite","item":"https:\/\/homeportugal.ch\/de\/"},{"@type":"ListItem","position":2,"name":"Immobilien vergleichen"}]},{"@type":"WebSite","@id":"https:\/\/homeportugal.ch\/de\/#website","url":"https:\/\/homeportugal.ch\/de\/","name":"Home portugal","description":"Ihr Traumhaus in Portugal","publisher":{"@id":"https:\/\/homeportugal.ch\/de\/#organization"},"potentialAction":[{"@type":"SearchAction","target":{"@type":"EntryPoint","urlTemplate":"https:\/\/homeportugal.ch\/de\/?s={search_term_string}"},"query-input":{"@type":"PropertyValueSpecification","valueRequired":true,"valueName":"search_term_string"}}],"inLanguage":"de"},{"@type":"Organization","@id":"https:\/\/homeportugal.ch\/de\/#organization","name":"Startseite Portugal","url":"https:\/\/homeportugal.ch\/de\/","logo":{"@type":"ImageObject","inLanguage":"de","@id":"https:\/\/homeportugal.ch\/de\/#\/schema\/logo\/image\/","url":"https:\/\/homeportugal.ch\/wp-content\/uploads\/2025\/05\/favicon.svg","contentUrl":"https:\/\/homeportugal.ch\/wp-content\/uploads\/2025\/05\/favicon.svg","width":512,"height":512,"caption":"Startseite Portugal"},"image":{"@id":"https:\/\/homeportugal.ch\/de\/#\/schema\/logo\/image\/"},"sameAs":["https:\/\/www.facebook.com\/profile.php?id=61573560402964","https:\/\/x.com\/HomePortugalCH","https:\/\/www.instagram.com\/homeportugalch\/","https:\/\/www.tiktok.com\/@home.portugal"]}]}},"_links":{"self":[{"href":"https:\/\/homeportugal.ch\/de\/wp-json\/wp\/v2\/pages\/20292","targetHints":{"allow":["GET"]}}],"collection":[{"href":"https:\/\/homeportugal.ch\/de\/wp-json\/wp\/v2\/pages"}],"about":[{"href":"https:\/\/homeportugal.ch\/de\/wp-json\/wp\/v2\/types\/page"}],"author":[{"embeddable":true,"href":"https:\/\/homeportugal.ch\/de\/wp-json\/wp\/v2\/users\/1"}],"replies":[{"embeddable":true,"href":"https:\/\/homeportugal.ch\/de\/wp-json\/wp\/v2\/comments?post=20292"}],"version-history":[{"count":0,"href":"https:\/\/homeportugal.ch\/de\/wp-json\/wp\/v2\/pages\/20292\/revisions"}],"wp:attachment":[{"href":"https:\/\/homeportugal.ch\/de\/wp-json\/wp\/v2\/media?parent=20292"}],"curies":[{"name":"wp","href":"https:\/\/api.w.org\/{rel}","templated":true}]}}