{"id":20271,"date":"2020-02-18T11:55:58","date_gmt":"2020-02-18T10:55:58","guid":{"rendered":"https:\/\/homeportugal.ch\/agencias\/"},"modified":"2025-03-22T16:07:08","modified_gmt":"2025-03-22T15:07:08","slug":"agencias-imobiliarias-portugal","status":"publish","type":"page","link":"https:\/\/homeportugal.ch\/pt-pt\/agencias-imobiliarias-portugal\/","title":{"rendered":"Ag\u00eancias"},"content":{"rendered":"","protected":false},"excerpt":{"rendered":"","protected":false},"author":1,"featured_media":0,"parent":0,"menu_order":0,"comment_status":"closed","ping_status":"closed","template":"template\/template-agencies.php","meta":{"footnotes":""},"class_list":["post-20271","page","type-page","status-publish","hentry"],"yoast_head":"<!-- This site is optimized with the Yoast SEO plugin v27.6 - https:\/\/yoast.com\/product\/yoast-seo-wordpress\/ -->\n<title>Melhores ag\u00eancias imobili\u00e1rias em Portugal Encontre o seu im\u00f3vel<\/title>\n<meta name=\"description\" content=\"Encontre as melhores ag\u00eancias imobili\u00e1rias em Portugal para comprar im\u00f3veis de luxo e residenciais. Obtenha ajuda especializada na sua compra\" \/>\n<meta name=\"robots\" content=\"index, follow, max-snippet:-1, max-image-preview:large, max-video-preview:-1\" \/>\n<link rel=\"canonical\" href=\"https:\/\/homeportugal.ch\/pt-pt\/agencias-imobiliarias-portugal\/\" \/>\n<meta property=\"og:locale\" content=\"pt_PT\" \/>\n<meta property=\"og:type\" content=\"article\" \/>\n<meta property=\"og:title\" content=\"Melhores ag\u00eancias imobili\u00e1rias em Portugal - Encontre o seu im\u00f3vel\" \/>\n<meta property=\"og:description\" content=\"Encontre as melhores ag\u00eancias imobili\u00e1rias em Portugal para comprar im\u00f3veis de luxo e residenciais. Obtenha ajuda especializada na sua compra.\" \/>\n<meta property=\"og:url\" content=\"https:\/\/homeportugal.ch\/pt-pt\/agencias-imobiliarias-portugal\/\" \/>\n<meta property=\"og:site_name\" content=\"HomePortugal\" \/>\n<meta property=\"article:publisher\" content=\"https:\/\/www.facebook.com\/profile.php?id=61573560402964\" \/>\n<meta property=\"article:modified_time\" content=\"2025-03-22T15:07:08+00:00\" \/>\n<meta property=\"og:image\" content=\"https:\/\/homeportugal.ch\/wp-content\/uploads\/2025\/03\/Adann6v8v3xe9n0q_4.jpg\" \/>\n\t<meta property=\"og:image:width\" content=\"1920\" \/>\n\t<meta property=\"og:image:height\" content=\"1278\" \/>\n\t<meta property=\"og:image:type\" content=\"image\/jpeg\" \/>\n<meta name=\"twitter:card\" content=\"summary_large_image\" \/>\n<meta name=\"twitter:title\" content=\"Melhores ag\u00eancias imobili\u00e1rias em Portugal - Encontre o seu im\u00f3vel\" \/>\n<meta name=\"twitter:description\" content=\"Encontre as melhores ag\u00eancias imobili\u00e1rias em Portugal para comprar im\u00f3veis de luxo e residenciais. Obtenha ajuda especializada na sua compra.\" \/>\n<meta name=\"twitter:site\" content=\"@HomePortugalCH\" \/>\n<script type=\"application\/ld+json\" class=\"yoast-schema-graph\">{\"@context\":\"https:\\\/\\\/schema.org\",\"@graph\":[{\"@type\":\"WebPage\",\"@id\":\"https:\\\/\\\/homeportugal.ch\\\/pt-pt\\\/agencias-imobiliarias-portugal\\\/\",\"url\":\"https:\\\/\\\/homeportugal.ch\\\/pt-pt\\\/agencias-imobiliarias-portugal\\\/\",\"name\":\"Melhores ag\u00eancias imobili\u00e1rias em Portugal Encontre o seu im\u00f3vel\",\"isPartOf\":{\"@id\":\"https:\\\/\\\/homeportugal.ch\\\/pt-pt\\\/#website\"},\"datePublished\":\"2020-02-18T10:55:58+00:00\",\"dateModified\":\"2025-03-22T15:07:08+00:00\",\"description\":\"Encontre as melhores ag\u00eancias imobili\u00e1rias em Portugal para comprar im\u00f3veis de luxo e residenciais. Obtenha ajuda especializada na sua compra\",\"breadcrumb\":{\"@id\":\"https:\\\/\\\/homeportugal.ch\\\/pt-pt\\\/agencias-imobiliarias-portugal\\\/#breadcrumb\"},\"inLanguage\":\"pt-PT\",\"potentialAction\":[{\"@type\":\"ReadAction\",\"target\":[\"https:\\\/\\\/homeportugal.ch\\\/pt-pt\\\/agencias-imobiliarias-portugal\\\/\"]}]},{\"@type\":\"BreadcrumbList\",\"@id\":\"https:\\\/\\\/homeportugal.ch\\\/pt-pt\\\/agencias-imobiliarias-portugal\\\/#breadcrumb\",\"itemListElement\":[{\"@type\":\"ListItem\",\"position\":1,\"name\":\"Casa\",\"item\":\"https:\\\/\\\/homeportugal.ch\\\/pt-pt\\\/\"},{\"@type\":\"ListItem\",\"position\":2,\"name\":\"Ag\u00eancias\"}]},{\"@type\":\"WebSite\",\"@id\":\"https:\\\/\\\/homeportugal.ch\\\/pt-pt\\\/#website\",\"url\":\"https:\\\/\\\/homeportugal.ch\\\/pt-pt\\\/\",\"name\":\"Home portugal\",\"description\":\"A casa dos seus sonhos em Portugal\",\"publisher\":{\"@id\":\"https:\\\/\\\/homeportugal.ch\\\/pt-pt\\\/#organization\"},\"potentialAction\":[{\"@type\":\"SearchAction\",\"target\":{\"@type\":\"EntryPoint\",\"urlTemplate\":\"https:\\\/\\\/homeportugal.ch\\\/pt-pt\\\/?s={search_term_string}\"},\"query-input\":{\"@type\":\"PropertyValueSpecification\",\"valueRequired\":true,\"valueName\":\"search_term_string\"}}],\"inLanguage\":\"pt-PT\"},{\"@type\":\"Organization\",\"@id\":\"https:\\\/\\\/homeportugal.ch\\\/pt-pt\\\/#organization\",\"name\":\"Home Portugal\",\"url\":\"https:\\\/\\\/homeportugal.ch\\\/pt-pt\\\/\",\"logo\":{\"@type\":\"ImageObject\",\"inLanguage\":\"pt-PT\",\"@id\":\"https:\\\/\\\/homeportugal.ch\\\/pt-pt\\\/#\\\/schema\\\/logo\\\/image\\\/\",\"url\":\"https:\\\/\\\/homeportugal.ch\\\/wp-content\\\/uploads\\\/2025\\\/05\\\/favicon.svg\",\"contentUrl\":\"https:\\\/\\\/homeportugal.ch\\\/wp-content\\\/uploads\\\/2025\\\/05\\\/favicon.svg\",\"width\":512,\"height\":512,\"caption\":\"Home Portugal\"},\"image\":{\"@id\":\"https:\\\/\\\/homeportugal.ch\\\/pt-pt\\\/#\\\/schema\\\/logo\\\/image\\\/\"},\"sameAs\":[\"https:\\\/\\\/www.facebook.com\\\/profile.php?id=61573560402964\",\"https:\\\/\\\/x.com\\\/HomePortugalCH\",\"https:\\\/\\\/www.instagram.com\\\/homeportugalch\\\/\",\"https:\\\/\\\/www.tiktok.com\\\/@home.portugal\"]}]}<\/script>\n<!-- \/ Yoast SEO plugin. -->","yoast_head_json":{"title":"Melhores ag\u00eancias imobili\u00e1rias em Portugal Encontre o seu im\u00f3vel","description":"Encontre as melhores ag\u00eancias imobili\u00e1rias em Portugal para comprar im\u00f3veis de luxo e residenciais. Obtenha ajuda especializada na sua compra","robots":{"index":"index","follow":"follow","max-snippet":"max-snippet:-1","max-image-preview":"max-image-preview:large","max-video-preview":"max-video-preview:-1"},"canonical":"https:\/\/homeportugal.ch\/pt-pt\/agencias-imobiliarias-portugal\/","og_locale":"pt_PT","og_type":"article","og_title":"Melhores ag\u00eancias imobili\u00e1rias em Portugal - Encontre o seu im\u00f3vel","og_description":"Encontre as melhores ag\u00eancias imobili\u00e1rias em Portugal para comprar im\u00f3veis de luxo e residenciais. Obtenha ajuda especializada na sua compra.","og_url":"https:\/\/homeportugal.ch\/pt-pt\/agencias-imobiliarias-portugal\/","og_site_name":"HomePortugal","article_publisher":"https:\/\/www.facebook.com\/profile.php?id=61573560402964","article_modified_time":"2025-03-22T15:07:08+00:00","og_image":[{"width":1920,"height":1278,"url":"https:\/\/homeportugal.ch\/wp-content\/uploads\/2025\/03\/Adann6v8v3xe9n0q_4.jpg","type":"image\/jpeg"}],"twitter_card":"summary_large_image","twitter_title":"Melhores ag\u00eancias imobili\u00e1rias em Portugal - Encontre o seu im\u00f3vel","twitter_description":"Encontre as melhores ag\u00eancias imobili\u00e1rias em Portugal para comprar im\u00f3veis de luxo e residenciais. Obtenha ajuda especializada na sua compra.","twitter_site":"@HomePortugalCH","schema":{"@context":"https:\/\/schema.org","@graph":[{"@type":"WebPage","@id":"https:\/\/homeportugal.ch\/pt-pt\/agencias-imobiliarias-portugal\/","url":"https:\/\/homeportugal.ch\/pt-pt\/agencias-imobiliarias-portugal\/","name":"Melhores ag\u00eancias imobili\u00e1rias em Portugal Encontre o seu im\u00f3vel","isPartOf":{"@id":"https:\/\/homeportugal.ch\/pt-pt\/#website"},"datePublished":"2020-02-18T10:55:58+00:00","dateModified":"2025-03-22T15:07:08+00:00","description":"Encontre as melhores ag\u00eancias imobili\u00e1rias em Portugal para comprar im\u00f3veis de luxo e residenciais. Obtenha ajuda especializada na sua compra","breadcrumb":{"@id":"https:\/\/homeportugal.ch\/pt-pt\/agencias-imobiliarias-portugal\/#breadcrumb"},"inLanguage":"pt-PT","potentialAction":[{"@type":"ReadAction","target":["https:\/\/homeportugal.ch\/pt-pt\/agencias-imobiliarias-portugal\/"]}]},{"@type":"BreadcrumbList","@id":"https:\/\/homeportugal.ch\/pt-pt\/agencias-imobiliarias-portugal\/#breadcrumb","itemListElement":[{"@type":"ListItem","position":1,"name":"Casa","item":"https:\/\/homeportugal.ch\/pt-pt\/"},{"@type":"ListItem","position":2,"name":"Ag\u00eancias"}]},{"@type":"WebSite","@id":"https:\/\/homeportugal.ch\/pt-pt\/#website","url":"https:\/\/homeportugal.ch\/pt-pt\/","name":"Home portugal","description":"A casa dos seus sonhos em Portugal","publisher":{"@id":"https:\/\/homeportugal.ch\/pt-pt\/#organization"},"potentialAction":[{"@type":"SearchAction","target":{"@type":"EntryPoint","urlTemplate":"https:\/\/homeportugal.ch\/pt-pt\/?s={search_term_string}"},"query-input":{"@type":"PropertyValueSpecification","valueRequired":true,"valueName":"search_term_string"}}],"inLanguage":"pt-PT"},{"@type":"Organization","@id":"https:\/\/homeportugal.ch\/pt-pt\/#organization","name":"Home Portugal","url":"https:\/\/homeportugal.ch\/pt-pt\/","logo":{"@type":"ImageObject","inLanguage":"pt-PT","@id":"https:\/\/homeportugal.ch\/pt-pt\/#\/schema\/logo\/image\/","url":"https:\/\/homeportugal.ch\/wp-content\/uploads\/2025\/05\/favicon.svg","contentUrl":"https:\/\/homeportugal.ch\/wp-content\/uploads\/2025\/05\/favicon.svg","width":512,"height":512,"caption":"Home Portugal"},"image":{"@id":"https:\/\/homeportugal.ch\/pt-pt\/#\/schema\/logo\/image\/"},"sameAs":["https:\/\/www.facebook.com\/profile.php?id=61573560402964","https:\/\/x.com\/HomePortugalCH","https:\/\/www.instagram.com\/homeportugalch\/","https:\/\/www.tiktok.com\/@home.portugal"]}]}},"_links":{"self":[{"href":"https:\/\/homeportugal.ch\/pt-pt\/wp-json\/wp\/v2\/pages\/20271","targetHints":{"allow":["GET"]}}],"collection":[{"href":"https:\/\/homeportugal.ch\/pt-pt\/wp-json\/wp\/v2\/pages"}],"about":[{"href":"https:\/\/homeportugal.ch\/pt-pt\/wp-json\/wp\/v2\/types\/page"}],"author":[{"embeddable":true,"href":"https:\/\/homeportugal.ch\/pt-pt\/wp-json\/wp\/v2\/users\/1"}],"replies":[{"embeddable":true,"href":"https:\/\/homeportugal.ch\/pt-pt\/wp-json\/wp\/v2\/comments?post=20271"}],"version-history":[{"count":0,"href":"https:\/\/homeportugal.ch\/pt-pt\/wp-json\/wp\/v2\/pages\/20271\/revisions"}],"wp:attachment":[{"href":"https:\/\/homeportugal.ch\/pt-pt\/wp-json\/wp\/v2\/media?parent=20271"}],"curies":[{"name":"wp","href":"https:\/\/api.w.org\/{rel}","templated":true}]}}