{"id":20272,"date":"2020-02-18T11:55:45","date_gmt":"2020-02-18T09:55:45","guid":{"rendered":"https:\/\/homeportugal.ch\/agentes\/"},"modified":"2025-05-26T15:13:19","modified_gmt":"2025-05-26T13:13:19","slug":"agentes-imobiliarios-portugal","status":"publish","type":"page","link":"https:\/\/homeportugal.ch\/pt-pt\/agentes-imobiliarios-portugal\/","title":{"rendered":"Agentes"},"content":{"rendered":"\t\t<div data-elementor-type=\"wp-page\" data-elementor-id=\"20272\" class=\"elementor elementor-20272 elementor-56\">\n\t\t\t\t<div class=\"elementor-element elementor-element-6f4c6dd e-flex e-con-boxed e-con e-parent\" data-id=\"6f4c6dd\" data-element_type=\"container\" data-e-type=\"container\">\n\t\t\t\t\t<div class=\"e-con-inner\">\n\t\t\t\t<div class=\"elementor-element elementor-element-d8e2542 elementor-widget elementor-widget-heading\" data-id=\"d8e2542\" data-element_type=\"widget\" data-e-type=\"widget\" data-widget_type=\"heading.default\">\n\t\t\t\t\t<h2 class=\"elementor-heading-title elementor-size-default\">Conhece os nossos experientes agentes imobili\u00e1rios em Portugal - Orienta\u00e7\u00e3o especializada para a compra e venda de propriedades<\/h2>\t\t\t\t<\/div>\n\t\t\t\t<div class=\"elementor-element elementor-element-79eda5e elementor-widget elementor-widget-spacer\" data-id=\"79eda5e\" data-element_type=\"widget\" data-e-type=\"widget\" data-widget_type=\"spacer.default\">\n\t\t\t\t\t\t\t<div class=\"elementor-spacer\">\n\t\t\t<div class=\"elementor-spacer-inner\"><\/div>\n\t\t<\/div>\n\t\t\t\t\t\t<\/div>\n\t\t\t\t<div class=\"elementor-element elementor-element-578857f elementor-widget elementor-widget-text-editor\" data-id=\"578857f\" data-element_type=\"widget\" data-e-type=\"widget\" data-widget_type=\"text-editor.default\">\n\t\t\t\t\t\t\t\t\t<h6 data-start=\"308\" data-end=\"365\">Encontra o im\u00f3vel perfeito com os nossos agentes especializados<\/h6><p data-start=\"367\" data-end=\"745\">Est\u00e1s \u00e0 procura de comprar ou vender uma propriedade em Portugal? A nossa equipa de agentes imobili\u00e1rios experientes est\u00e1 empenhada em ajud\u00e1-lo a navegar no mercado imobili\u00e1rio portugu\u00eas com facilidade. Quer estejas \u00e0 procura de uma vivenda de luxo no Algarve, um apartamento moderno em Lisboa, ou uma propriedade de investimento no Porto, estamos aqui para te guiar em cada passo do processo.  <\/p><h6>Porqu\u00ea escolher os nossos agentes imobili\u00e1rios?<\/h6><h6>1. Experi\u00eancia local e conhecimento do mercado<\/h6><p data-start=\"840\" data-end=\"1109\">Com anos de experi\u00eancia no mercado imobili\u00e1rio portugu\u00eas, os nossos agentes fornecem uma an\u00e1lise aprofundada do mercado e informa\u00e7\u00f5es valiosas para o ajudar a tomar as melhores decis\u00f5es. Compreendemos as \u00faltimas tend\u00eancias do mercado, estrat\u00e9gias de pre\u00e7os e oportunidades de investimento. <\/p><h6 data-start=\"1111\" data-end=\"1162\">2. Profissionais do sector imobili\u00e1rio multilingues<\/h6><p data-start=\"1163\" data-end=\"1437\">A nossa equipa fala v\u00e1rias l\u00ednguas, incluindo su\u00ed\u00e7o-alem\u00e3o, alem\u00e3o, ingl\u00eas, portugu\u00eas, espanhol, romeno e italiano, assegurando uma comunica\u00e7\u00e3o perfeita com clientes internacionais. Quer estejas a mudar de resid\u00eancia, a investir ou a comprar uma casa de f\u00e9rias, tornamos o processo suave e sem stress. <\/p><h6 data-start=\"1439\" data-end=\"1499\">3. Pesquisa de propriedades \u00e0 medida e servi\u00e7o personalizado<\/h6><p data-start=\"1500\" data-end=\"1783\">Dedicamos tempo a compreender as tuas necessidades e prefer\u00eancias, oferecendo uma sele\u00e7\u00e3o personalizada de propriedades que correspondem ao teu estilo de vida e or\u00e7amento. Quer estejas \u00e0 procura de um ref\u00fagio \u00e0 beira-mar, de um apartamento na cidade ou de uma propriedade no campo, fornecemos recomenda\u00e7\u00f5es \u00e0 medida. <\/p><h6 data-start=\"1785\" data-end=\"1839\">4. Servi\u00e7o completo de apoio do in\u00edcio ao fim<\/h6><p data-start=\"1840\" data-end=\"1971\">Desde a consulta inicial at\u00e9 ao fecho do neg\u00f3cio, os nossos agentes tratam de todos os aspectos da transa\u00e7\u00e3o imobili\u00e1ria. Ajudamos-te com: <\/p><ul data-start=\"1972\" data-end=\"2151\"><li data-start=\"1972\" data-end=\"2014\">Visitas e negocia\u00e7\u00f5es de im\u00f3veis<\/li><li data-start=\"2015\" data-end=\"2049\">Aconselhamento jur\u00eddico e financeiro<\/li><li data-start=\"2050\" data-end=\"2091\">Orienta\u00e7\u00e3o em mat\u00e9ria de resid\u00eancia e investimento<\/li><li data-start=\"2092\" data-end=\"2151\">Servi\u00e7os p\u00f3s-venda, incluindo a gest\u00e3o de propriedades<\/li><\/ul><h6 data-start=\"2153\" data-end=\"2210\">Compra ou vende propriedades em Portugal com confian\u00e7a<\/h6><p data-start=\"2212\" data-end=\"2387\">Com uma forte rede de compradores, vendedores e investidores, a nossa ag\u00eancia imobili\u00e1ria garante a m\u00e1xima exposi\u00e7\u00e3o do teu im\u00f3vel e liga-te \u00e0s oportunidades certas.<\/p><p data-start=\"2389\" data-end=\"2539\">Contacta-nos hoje para falar com um dos nossos agentes imobili\u00e1rios especializados e iniciar a tua viagem para comprar ou vender uma propriedade em Portugal!<\/p>\t\t\t\t\t\t\t\t<\/div>\n\t\t\t\t\t<\/div>\n\t\t\t\t<\/div>\n\t\t\t\t<\/div>\n\t\t","protected":false},"excerpt":{"rendered":"<p>Conhece os nossos experientes agentes imobili\u00e1rios em Portugal &#8211; Orienta\u00e7\u00e3o especializada para a compra e venda de propriedades Encontra o im\u00f3vel perfeito com os nossos agentes especializados Est\u00e1s \u00e0 procura de comprar ou vender uma propriedade em Portugal? A nossa equipa de agentes imobili\u00e1rios experientes est\u00e1 empenhada em ajud\u00e1-lo a navegar no mercado imobili\u00e1rio portugu\u00eas [&hellip;]<\/p>\n","protected":false},"author":1,"featured_media":0,"parent":0,"menu_order":0,"comment_status":"closed","ping_status":"closed","template":"template\/template-agents.php","meta":{"footnotes":""},"class_list":["post-20272","page","type-page","status-publish","hentry"],"yoast_head":"<!-- This site is optimized with the Yoast SEO plugin v27.6 - https:\/\/yoast.com\/product\/yoast-seo-wordpress\/ -->\n<title>\u2705Conhece os nossos agentes imobili\u00e1rios especializados em Portugal | HomePortugal<\/title>\n<meta name=\"description\" content=\"Entra em contacto com agentes profissionais em Portugal na HomePortugal. A nossa equipa multilingue est\u00e1 pronta para te ajudar a encontrar a propriedade dos teus sonhos.\" \/>\n<meta name=\"robots\" content=\"index, follow, max-snippet:-1, max-image-preview:large, max-video-preview:-1\" \/>\n<link rel=\"canonical\" href=\"https:\/\/homeportugal.ch\/pt-pt\/agentes-imobiliarios-portugal\/\" \/>\n<meta property=\"og:locale\" content=\"pt_PT\" \/>\n<meta property=\"og:type\" content=\"article\" \/>\n<meta property=\"og:title\" content=\"Agentes imobili\u00e1rios Portugal para a tua casa de sonho\" \/>\n<meta property=\"og:description\" content=\"Encontra a propriedade dos teus sonhos em Portugal com os nossos agentes imobili\u00e1rios especializados. Confia na nossa equipa para uma orienta\u00e7\u00e3o e apoio personalizados.\" \/>\n<meta property=\"og:url\" content=\"https:\/\/homeportugal.ch\/pt-pt\/agentes-imobiliarios-portugal\/\" \/>\n<meta property=\"og:site_name\" content=\"HomePortugal\" \/>\n<meta property=\"article:publisher\" content=\"https:\/\/www.facebook.com\/profile.php?id=61573560402964\" \/>\n<meta property=\"article:modified_time\" content=\"2025-05-26T13:13:19+00:00\" \/>\n<meta property=\"og:image\" content=\"https:\/\/homeportugal.ch\/wp-content\/uploads\/2025\/02\/varga.svg\" \/>\n<meta name=\"twitter:card\" content=\"summary_large_image\" \/>\n<meta name=\"twitter:title\" content=\"Agentes imobili\u00e1rios Portugal: O teu guia para a compra de casa\" \/>\n<meta name=\"twitter:description\" content=\"Liga-te aos melhores agentes imobili\u00e1rios em Portugal para obteres servi\u00e7os imobili\u00e1rios personalizados e conhecimento especializado do mercado.\" \/>\n<meta name=\"twitter:site\" content=\"@HomePortugalCH\" \/>\n<meta name=\"twitter:label1\" content=\"Tempo estimado de leitura\" \/>\n\t<meta name=\"twitter:data1\" content=\"2 minutos\" \/>\n<script type=\"application\/ld+json\" class=\"yoast-schema-graph\">{\"@context\":\"https:\\\/\\\/schema.org\",\"@graph\":[{\"@type\":\"WebPage\",\"@id\":\"https:\\\/\\\/homeportugal.ch\\\/pt-pt\\\/agentes-imobiliarios-portugal\\\/\",\"url\":\"https:\\\/\\\/homeportugal.ch\\\/pt-pt\\\/agentes-imobiliarios-portugal\\\/\",\"name\":\"\u2705Conhece os nossos agentes imobili\u00e1rios especializados em Portugal | HomePortugal\",\"isPartOf\":{\"@id\":\"https:\\\/\\\/homeportugal.ch\\\/pt-pt\\\/#website\"},\"datePublished\":\"2020-02-18T09:55:45+00:00\",\"dateModified\":\"2025-05-26T13:13:19+00:00\",\"description\":\"Entra em contacto com agentes profissionais em Portugal na HomePortugal. A nossa equipa multilingue est\u00e1 pronta para te ajudar a encontrar a propriedade dos teus sonhos.\",\"breadcrumb\":{\"@id\":\"https:\\\/\\\/homeportugal.ch\\\/pt-pt\\\/agentes-imobiliarios-portugal\\\/#breadcrumb\"},\"inLanguage\":\"pt-PT\",\"potentialAction\":[{\"@type\":\"ReadAction\",\"target\":[\"https:\\\/\\\/homeportugal.ch\\\/pt-pt\\\/agentes-imobiliarios-portugal\\\/\"]}]},{\"@type\":\"BreadcrumbList\",\"@id\":\"https:\\\/\\\/homeportugal.ch\\\/pt-pt\\\/agentes-imobiliarios-portugal\\\/#breadcrumb\",\"itemListElement\":[{\"@type\":\"ListItem\",\"position\":1,\"name\":\"Casa\",\"item\":\"https:\\\/\\\/homeportugal.ch\\\/pt-pt\\\/\"},{\"@type\":\"ListItem\",\"position\":2,\"name\":\"Agentes\"}]},{\"@type\":\"WebSite\",\"@id\":\"https:\\\/\\\/homeportugal.ch\\\/pt-pt\\\/#website\",\"url\":\"https:\\\/\\\/homeportugal.ch\\\/pt-pt\\\/\",\"name\":\"Home portugal\",\"description\":\"A casa dos seus sonhos em Portugal\",\"publisher\":{\"@id\":\"https:\\\/\\\/homeportugal.ch\\\/pt-pt\\\/#organization\"},\"potentialAction\":[{\"@type\":\"SearchAction\",\"target\":{\"@type\":\"EntryPoint\",\"urlTemplate\":\"https:\\\/\\\/homeportugal.ch\\\/pt-pt\\\/?s={search_term_string}\"},\"query-input\":{\"@type\":\"PropertyValueSpecification\",\"valueRequired\":true,\"valueName\":\"search_term_string\"}}],\"inLanguage\":\"pt-PT\"},{\"@type\":\"Organization\",\"@id\":\"https:\\\/\\\/homeportugal.ch\\\/pt-pt\\\/#organization\",\"name\":\"Home Portugal\",\"url\":\"https:\\\/\\\/homeportugal.ch\\\/pt-pt\\\/\",\"logo\":{\"@type\":\"ImageObject\",\"inLanguage\":\"pt-PT\",\"@id\":\"https:\\\/\\\/homeportugal.ch\\\/pt-pt\\\/#\\\/schema\\\/logo\\\/image\\\/\",\"url\":\"https:\\\/\\\/homeportugal.ch\\\/wp-content\\\/uploads\\\/2025\\\/05\\\/favicon.svg\",\"contentUrl\":\"https:\\\/\\\/homeportugal.ch\\\/wp-content\\\/uploads\\\/2025\\\/05\\\/favicon.svg\",\"width\":512,\"height\":512,\"caption\":\"Home Portugal\"},\"image\":{\"@id\":\"https:\\\/\\\/homeportugal.ch\\\/pt-pt\\\/#\\\/schema\\\/logo\\\/image\\\/\"},\"sameAs\":[\"https:\\\/\\\/www.facebook.com\\\/profile.php?id=61573560402964\",\"https:\\\/\\\/x.com\\\/HomePortugalCH\",\"https:\\\/\\\/www.instagram.com\\\/homeportugalch\\\/\",\"https:\\\/\\\/www.tiktok.com\\\/@home.portugal\"]}]}<\/script>\n<!-- \/ Yoast SEO plugin. -->","yoast_head_json":{"title":"\u2705Conhece os nossos agentes imobili\u00e1rios especializados em Portugal | HomePortugal","description":"Entra em contacto com agentes profissionais em Portugal na HomePortugal. A nossa equipa multilingue est\u00e1 pronta para te ajudar a encontrar a propriedade dos teus sonhos.","robots":{"index":"index","follow":"follow","max-snippet":"max-snippet:-1","max-image-preview":"max-image-preview:large","max-video-preview":"max-video-preview:-1"},"canonical":"https:\/\/homeportugal.ch\/pt-pt\/agentes-imobiliarios-portugal\/","og_locale":"pt_PT","og_type":"article","og_title":"Agentes imobili\u00e1rios Portugal para a tua casa de sonho","og_description":"Encontra a propriedade dos teus sonhos em Portugal com os nossos agentes imobili\u00e1rios especializados. Confia na nossa equipa para uma orienta\u00e7\u00e3o e apoio personalizados.","og_url":"https:\/\/homeportugal.ch\/pt-pt\/agentes-imobiliarios-portugal\/","og_site_name":"HomePortugal","article_publisher":"https:\/\/www.facebook.com\/profile.php?id=61573560402964","article_modified_time":"2025-05-26T13:13:19+00:00","og_image":[{"url":"https:\/\/homeportugal.ch\/wp-content\/uploads\/2025\/02\/varga.svg","type":"","width":"","height":""}],"twitter_card":"summary_large_image","twitter_title":"Agentes imobili\u00e1rios Portugal: O teu guia para a compra de casa","twitter_description":"Liga-te aos melhores agentes imobili\u00e1rios em Portugal para obteres servi\u00e7os imobili\u00e1rios personalizados e conhecimento especializado do mercado.","twitter_site":"@HomePortugalCH","twitter_misc":{"Tempo estimado de leitura":"2 minutos"},"schema":{"@context":"https:\/\/schema.org","@graph":[{"@type":"WebPage","@id":"https:\/\/homeportugal.ch\/pt-pt\/agentes-imobiliarios-portugal\/","url":"https:\/\/homeportugal.ch\/pt-pt\/agentes-imobiliarios-portugal\/","name":"\u2705Conhece os nossos agentes imobili\u00e1rios especializados em Portugal | HomePortugal","isPartOf":{"@id":"https:\/\/homeportugal.ch\/pt-pt\/#website"},"datePublished":"2020-02-18T09:55:45+00:00","dateModified":"2025-05-26T13:13:19+00:00","description":"Entra em contacto com agentes profissionais em Portugal na HomePortugal. A nossa equipa multilingue est\u00e1 pronta para te ajudar a encontrar a propriedade dos teus sonhos.","breadcrumb":{"@id":"https:\/\/homeportugal.ch\/pt-pt\/agentes-imobiliarios-portugal\/#breadcrumb"},"inLanguage":"pt-PT","potentialAction":[{"@type":"ReadAction","target":["https:\/\/homeportugal.ch\/pt-pt\/agentes-imobiliarios-portugal\/"]}]},{"@type":"BreadcrumbList","@id":"https:\/\/homeportugal.ch\/pt-pt\/agentes-imobiliarios-portugal\/#breadcrumb","itemListElement":[{"@type":"ListItem","position":1,"name":"Casa","item":"https:\/\/homeportugal.ch\/pt-pt\/"},{"@type":"ListItem","position":2,"name":"Agentes"}]},{"@type":"WebSite","@id":"https:\/\/homeportugal.ch\/pt-pt\/#website","url":"https:\/\/homeportugal.ch\/pt-pt\/","name":"Home portugal","description":"A casa dos seus sonhos em Portugal","publisher":{"@id":"https:\/\/homeportugal.ch\/pt-pt\/#organization"},"potentialAction":[{"@type":"SearchAction","target":{"@type":"EntryPoint","urlTemplate":"https:\/\/homeportugal.ch\/pt-pt\/?s={search_term_string}"},"query-input":{"@type":"PropertyValueSpecification","valueRequired":true,"valueName":"search_term_string"}}],"inLanguage":"pt-PT"},{"@type":"Organization","@id":"https:\/\/homeportugal.ch\/pt-pt\/#organization","name":"Home Portugal","url":"https:\/\/homeportugal.ch\/pt-pt\/","logo":{"@type":"ImageObject","inLanguage":"pt-PT","@id":"https:\/\/homeportugal.ch\/pt-pt\/#\/schema\/logo\/image\/","url":"https:\/\/homeportugal.ch\/wp-content\/uploads\/2025\/05\/favicon.svg","contentUrl":"https:\/\/homeportugal.ch\/wp-content\/uploads\/2025\/05\/favicon.svg","width":512,"height":512,"caption":"Home Portugal"},"image":{"@id":"https:\/\/homeportugal.ch\/pt-pt\/#\/schema\/logo\/image\/"},"sameAs":["https:\/\/www.facebook.com\/profile.php?id=61573560402964","https:\/\/x.com\/HomePortugalCH","https:\/\/www.instagram.com\/homeportugalch\/","https:\/\/www.tiktok.com\/@home.portugal"]}]}},"_links":{"self":[{"href":"https:\/\/homeportugal.ch\/pt-pt\/wp-json\/wp\/v2\/pages\/20272","targetHints":{"allow":["GET"]}}],"collection":[{"href":"https:\/\/homeportugal.ch\/pt-pt\/wp-json\/wp\/v2\/pages"}],"about":[{"href":"https:\/\/homeportugal.ch\/pt-pt\/wp-json\/wp\/v2\/types\/page"}],"author":[{"embeddable":true,"href":"https:\/\/homeportugal.ch\/pt-pt\/wp-json\/wp\/v2\/users\/1"}],"replies":[{"embeddable":true,"href":"https:\/\/homeportugal.ch\/pt-pt\/wp-json\/wp\/v2\/comments?post=20272"}],"version-history":[{"count":2,"href":"https:\/\/homeportugal.ch\/pt-pt\/wp-json\/wp\/v2\/pages\/20272\/revisions"}],"predecessor-version":[{"id":22713,"href":"https:\/\/homeportugal.ch\/pt-pt\/wp-json\/wp\/v2\/pages\/20272\/revisions\/22713"}],"wp:attachment":[{"href":"https:\/\/homeportugal.ch\/pt-pt\/wp-json\/wp\/v2\/media?parent=20272"}],"curies":[{"name":"wp","href":"https:\/\/api.w.org\/{rel}","templated":true}]}}