{"id":20286,"date":"2025-02-16T15:02:41","date_gmt":"2025-02-16T14:02:41","guid":{"rendered":"https:\/\/homeportugal.ch\/politica-de-privacidade\/"},"modified":"2025-03-23T09:23:06","modified_gmt":"2025-03-23T08:23:06","slug":"politica-de-privacidade-imoveis-portugal","status":"publish","type":"page","link":"https:\/\/homeportugal.ch\/pt-pt\/politica-de-privacidade-imoveis-portugal\/","title":{"rendered":"Pol\u00edtica de privacidade"},"content":{"rendered":"\t\t<div data-elementor-type=\"wp-page\" data-elementor-id=\"20286\" class=\"elementor elementor-20286 elementor-3\">\n\t\t\t\t<div class=\"elementor-element elementor-element-70f84432 e-flex e-con-boxed e-con e-parent\" data-id=\"70f84432\" data-element_type=\"container\" data-e-type=\"container\">\n\t\t\t\t\t<div class=\"e-con-inner\">\n\t\t\t\t<div class=\"elementor-element elementor-element-400306b6 elementor-widget elementor-widget-text-editor\" data-id=\"400306b6\" data-element_type=\"widget\" data-e-type=\"widget\" data-widget_type=\"text-editor.default\">\n\t\t\t\t\t\t\t\t\t<p data-pm-slice=\"1 1 []\"><strong>Data efectiva:<\/strong> 2025<\/p>\n<p><strong>HomePortugal.ch<\/strong> (&#8220;n\u00f3s&#8221;, &#8220;nosso&#8221; ou &#8220;nos&#8221;) est\u00e1 empenhado em proteger a tua privacidade. Esta Pol\u00edtica de Privacidade explica como recolhemos, usamos, divulgamos e salvaguardamos a tua informa\u00e7\u00e3o quando visitas o nosso website <strong>homeportugal.ch<\/strong> (o &#8220;Site&#8221;). L\u00ea atentamente esta pol\u00edtica de privacidade. Se n\u00e3o concordares com os termos desta pol\u00edtica de privacidade, n\u00e3o acedas ao Site.   <\/p>\n<div><hr><\/div>\n<h3>1. <strong>Informa\u00e7\u00f5es que recolhemos<\/strong><\/h3>\n<p>Podemos recolher informa\u00e7\u00f5es sobre ti de v\u00e1rias formas. As informa\u00e7\u00f5es que podemos recolher no Site incluem: <\/p>\n<ul data-spread=\"true\">\n<li>\n<p><strong>Dados pessoais:<\/strong> Informa\u00e7\u00f5es de identifica\u00e7\u00e3o pessoal, como o teu nome, endere\u00e7o de e-mail, n\u00famero de telefone e endere\u00e7o postal, que forneces voluntariamente quando manifestas interesse em comprar propriedades ou nos contactas.<\/p>\n<\/li>\n<li>\n<p><strong>Dados derivados:<\/strong> Informa\u00e7\u00f5es que os nossos servidores recolhem automaticamente quando acedes ao Site, tais como o teu endere\u00e7o IP, tipo de browser, sistema operativo, tempos de acesso e p\u00e1ginas visualizadas diretamente antes e depois de acederes ao Site.<\/p>\n<\/li>\n<li>\n<p><strong>Cookies e tecnologias de rastreio:<\/strong> Podemos utilizar cookies, web beacons, pix\u00e9is de rastreio e outras tecnologias de rastreio para ajudar a personalizar e melhorar a tua experi\u00eancia.<\/p>\n<\/li>\n<\/ul>\n<h3>2. <strong>Como utilizamos as tuas informa\u00e7\u00f5es<\/strong><\/h3>\n<p>Utilizamos as informa\u00e7\u00f5es que recolhemos das seguintes formas:<\/p>\n<ul data-spread=\"false\">\n<li>\n<p>Facilitar a cota\u00e7\u00e3o e a venda de im\u00f3veis.<\/p>\n<\/li>\n<li>\n<p>Para prestar apoio ao cliente e responder \u00e0s tuas quest\u00f5es.<\/p>\n<\/li>\n<li>\n<p>Para te enviar actualiza\u00e7\u00f5es, boletins informativos e materiais de marketing (com o teu consentimento).<\/p>\n<\/li>\n<li>\n<p>Para melhorar o nosso s\u00edtio Web e os nossos servi\u00e7os.<\/p>\n<\/li>\n<li>\n<p>Para cumprir as obriga\u00e7\u00f5es legais.<\/p>\n<\/li>\n<\/ul>\n<h3>3. <strong>Partilhar a tua informa\u00e7\u00e3o<\/strong><\/h3>\n<p>Podemos partilhar as tuas informa\u00e7\u00f5es nas seguintes situa\u00e7\u00f5es:<\/p>\n<ul data-spread=\"true\">\n<li>\n<p><strong>Com fornecedores de servi\u00e7os:<\/strong> Podemos partilhar os teus dados com fornecedores de servi\u00e7os terceiros que prestam servi\u00e7os para n\u00f3s, como alojamento web e marketing.<\/p>\n<\/li>\n<li>\n<p><strong>Transfer\u00eancias de neg\u00f3cios:<\/strong> No caso de uma fus\u00e3o, venda ou aquisi\u00e7\u00e3o, as tuas informa\u00e7\u00f5es podem ser transferidas para os novos propriet\u00e1rios.<\/p>\n<\/li>\n<li>\n<p><strong>Obriga\u00e7\u00f5es legais:<\/strong> Podemos divulgar as tuas informa\u00e7\u00f5es se tal for exigido por lei ou para proteger os nossos direitos legais.<\/p>\n<\/li>\n<\/ul>\n<h3>4. <strong>Seguran\u00e7a dos dados<\/strong><\/h3>\n<p>Utilizamos medidas de seguran\u00e7a administrativas, t\u00e9cnicas e f\u00edsicas para ajudar a proteger as tuas informa\u00e7\u00f5es pessoais. No entanto, nenhum m\u00e9todo de transmiss\u00e3o atrav\u00e9s da Internet ou de armazenamento eletr\u00f3nico \u00e9 100% seguro. Por conseguinte, n\u00e3o podemos garantir uma seguran\u00e7a absoluta.  <\/p>\n<h3>5. <strong>Os teus direitos e escolhas<\/strong><\/h3>\n<ul data-spread=\"true\">\n<li>\n<p><strong>Acesso e corre\u00e7\u00e3o:<\/strong> Tens o direito de aceder e corrigir as tuas informa\u00e7\u00f5es pessoais.<\/p>\n<\/li>\n<li>\n<p><strong>Desiste:<\/strong> Podes optar por n\u00e3o receber e-mails de marketing seguindo a liga\u00e7\u00e3o de cancelamento de subscri\u00e7\u00e3o nas nossas comunica\u00e7\u00f5es.<\/p>\n<\/li>\n<li>\n<p><strong>Cookies:<\/strong> A maioria dos browsers est\u00e1 configurada para aceitar cookies por defeito. Podes optar por configurar o teu browser para remover ou rejeitar cookies. <\/p>\n<\/li>\n<\/ul>\n<h3>6. <strong>S\u00edtios Web de terceiros<\/strong><\/h3>\n<p>O nosso S\u00edtio pode conter liga\u00e7\u00f5es a s\u00edtios Web de terceiros. N\u00e3o somos respons\u00e1veis pelas pr\u00e1ticas de privacidade desses s\u00edtios externos. <\/p>\n<h3>7. <strong>Transfer\u00eancias internacionais de dados<\/strong><\/h3>\n<p>Se estiveres localizado fora de Portugal, a tua informa\u00e7\u00e3o ser\u00e1 transferida e processada em Portugal, onde os nossos servidores est\u00e3o localizados.<\/p>\n<h3>8. <strong>Altera\u00e7\u00f5es \u00e0 presente pol\u00edtica de privacidade<\/strong><\/h3>\n<p>Podemos atualizar esta Pol\u00edtica de Privacidade periodicamente. Notificar-te-emos de quaisquer altera\u00e7\u00f5es actualizando a &#8220;Data efectiva&#8221; no topo desta pol\u00edtica. <\/p>\n<h3>9. <strong>Contacta-nos<\/strong><\/h3>\n<p>Se tiveres alguma quest\u00e3o ou d\u00favida sobre esta Pol\u00edtica de Privacidade, contacta-nos atrav\u00e9s do endere\u00e7o<\/p>\n<p><strong>HomePortugal.ch<\/strong><br>Postfach 66, 4030 basel<br>info@homeportugal.ch<br>+41 79<\/p>\n<p> <\/p>\t\t\t\t\t\t\t\t<\/div>\n\t\t\t\t\t<\/div>\n\t\t\t\t<\/div>\n\t\t\t\t<\/div>\n\t\t","protected":false},"excerpt":{"rendered":"<p>Data efectiva: 2025 HomePortugal.ch (&#8220;n\u00f3s&#8221;, &#8220;nosso&#8221; ou &#8220;nos&#8221;) est\u00e1 empenhado em proteger a tua privacidade. Esta Pol\u00edtica de Privacidade explica como recolhemos, usamos, divulgamos e salvaguardamos a tua informa\u00e7\u00e3o quando visitas o nosso website homeportugal.ch (o &#8220;Site&#8221;). L\u00ea atentamente esta pol\u00edtica de privacidade. Se n\u00e3o concordares com os termos desta pol\u00edtica de privacidade, n\u00e3o acedas [&hellip;]<\/p>\n","protected":false},"author":1,"featured_media":0,"parent":0,"menu_order":0,"comment_status":"closed","ping_status":"closed","template":"","meta":{"footnotes":""},"class_list":["post-20286","page","type-page","status-publish","hentry"],"yoast_head":"<!-- This site is optimized with the Yoast SEO plugin v27.6 - https:\/\/yoast.com\/product\/yoast-seo-wordpress\/ -->\n<title>Pol\u00edtica de Privacidade - Proteja seus Dados | HomePortugal<\/title>\n<meta name=\"description\" content=\"Leia a pol\u00edtica de privacidade de HomePortugal e descubra como protegemos seus dados pessoais no processo de compra de im\u00f3veis em Portugal.\" \/>\n<meta name=\"robots\" content=\"index, follow, max-snippet:-1, max-image-preview:large, max-video-preview:-1\" \/>\n<link rel=\"canonical\" href=\"https:\/\/homeportugal.ch\/pt-pt\/politica-de-privacidade-imoveis-portugal\/\" \/>\n<meta property=\"og:locale\" content=\"pt_PT\" \/>\n<meta property=\"og:type\" content=\"article\" \/>\n<meta property=\"og:title\" content=\"Pol\u00edtica de Privacidade Portugal: A seguran\u00e7a dos teus dados \u00e9 importante\" \/>\n<meta property=\"og:description\" content=\"L\u00ea a nossa Pol\u00edtica de Privacidade Portugal para perceberes como protegemos a tua informa\u00e7\u00e3o pessoal em homeportugal.ch.\" \/>\n<meta property=\"og:url\" content=\"https:\/\/homeportugal.ch\/pt-pt\/politica-de-privacidade-imoveis-portugal\/\" \/>\n<meta property=\"og:site_name\" content=\"HomePortugal\" \/>\n<meta property=\"article:publisher\" content=\"https:\/\/www.facebook.com\/profile.php?id=61573560402964\" \/>\n<meta property=\"article:modified_time\" content=\"2025-03-23T08:23:06+00:00\" \/>\n<meta property=\"og:image\" content=\"https:\/\/homeportugal.ch\/wp-content\/uploads\/2025\/02\/logo_social_homeportugal_biger-300x300.jpg\" \/>\n<meta name=\"twitter:card\" content=\"summary_large_image\" \/>\n<meta name=\"twitter:title\" content=\"Pol\u00edtica de Privacidade Portugal: Os teus dados s\u00e3o importantes\" \/>\n<meta name=\"twitter:description\" content=\"Compreende a nossa Pol\u00edtica de Privacidade Portugal. Estamos empenhados em proteger a tua informa\u00e7\u00e3o e a privacidade do utilizador no nosso website.\" \/>\n<meta name=\"twitter:site\" content=\"@HomePortugalCH\" \/>\n<meta name=\"twitter:label1\" content=\"Tempo estimado de leitura\" \/>\n\t<meta name=\"twitter:data1\" content=\"3 minutos\" \/>\n<script type=\"application\/ld+json\" class=\"yoast-schema-graph\">{\"@context\":\"https:\\\/\\\/schema.org\",\"@graph\":[{\"@type\":\"WebPage\",\"@id\":\"https:\\\/\\\/homeportugal.ch\\\/pt-pt\\\/politica-de-privacidade-imoveis-portugal\\\/\",\"url\":\"https:\\\/\\\/homeportugal.ch\\\/pt-pt\\\/politica-de-privacidade-imoveis-portugal\\\/\",\"name\":\"Pol\u00edtica de Privacidade - Proteja seus Dados | HomePortugal\",\"isPartOf\":{\"@id\":\"https:\\\/\\\/homeportugal.ch\\\/pt-pt\\\/#website\"},\"datePublished\":\"2025-02-16T14:02:41+00:00\",\"dateModified\":\"2025-03-23T08:23:06+00:00\",\"description\":\"Leia a pol\u00edtica de privacidade de HomePortugal e descubra como protegemos seus dados pessoais no processo de compra de im\u00f3veis em Portugal.\",\"breadcrumb\":{\"@id\":\"https:\\\/\\\/homeportugal.ch\\\/pt-pt\\\/politica-de-privacidade-imoveis-portugal\\\/#breadcrumb\"},\"inLanguage\":\"pt-PT\",\"potentialAction\":[{\"@type\":\"ReadAction\",\"target\":[\"https:\\\/\\\/homeportugal.ch\\\/pt-pt\\\/politica-de-privacidade-imoveis-portugal\\\/\"]}]},{\"@type\":\"BreadcrumbList\",\"@id\":\"https:\\\/\\\/homeportugal.ch\\\/pt-pt\\\/politica-de-privacidade-imoveis-portugal\\\/#breadcrumb\",\"itemListElement\":[{\"@type\":\"ListItem\",\"position\":1,\"name\":\"Casa\",\"item\":\"https:\\\/\\\/homeportugal.ch\\\/pt-pt\\\/\"},{\"@type\":\"ListItem\",\"position\":2,\"name\":\"Pol\u00edtica de privacidade\"}]},{\"@type\":\"WebSite\",\"@id\":\"https:\\\/\\\/homeportugal.ch\\\/pt-pt\\\/#website\",\"url\":\"https:\\\/\\\/homeportugal.ch\\\/pt-pt\\\/\",\"name\":\"Home portugal\",\"description\":\"A casa dos seus sonhos em Portugal\",\"publisher\":{\"@id\":\"https:\\\/\\\/homeportugal.ch\\\/pt-pt\\\/#organization\"},\"potentialAction\":[{\"@type\":\"SearchAction\",\"target\":{\"@type\":\"EntryPoint\",\"urlTemplate\":\"https:\\\/\\\/homeportugal.ch\\\/pt-pt\\\/?s={search_term_string}\"},\"query-input\":{\"@type\":\"PropertyValueSpecification\",\"valueRequired\":true,\"valueName\":\"search_term_string\"}}],\"inLanguage\":\"pt-PT\"},{\"@type\":\"Organization\",\"@id\":\"https:\\\/\\\/homeportugal.ch\\\/pt-pt\\\/#organization\",\"name\":\"Home Portugal\",\"url\":\"https:\\\/\\\/homeportugal.ch\\\/pt-pt\\\/\",\"logo\":{\"@type\":\"ImageObject\",\"inLanguage\":\"pt-PT\",\"@id\":\"https:\\\/\\\/homeportugal.ch\\\/pt-pt\\\/#\\\/schema\\\/logo\\\/image\\\/\",\"url\":\"https:\\\/\\\/homeportugal.ch\\\/wp-content\\\/uploads\\\/2025\\\/05\\\/favicon.svg\",\"contentUrl\":\"https:\\\/\\\/homeportugal.ch\\\/wp-content\\\/uploads\\\/2025\\\/05\\\/favicon.svg\",\"width\":512,\"height\":512,\"caption\":\"Home Portugal\"},\"image\":{\"@id\":\"https:\\\/\\\/homeportugal.ch\\\/pt-pt\\\/#\\\/schema\\\/logo\\\/image\\\/\"},\"sameAs\":[\"https:\\\/\\\/www.facebook.com\\\/profile.php?id=61573560402964\",\"https:\\\/\\\/x.com\\\/HomePortugalCH\",\"https:\\\/\\\/www.instagram.com\\\/homeportugalch\\\/\",\"https:\\\/\\\/www.tiktok.com\\\/@home.portugal\"]}]}<\/script>\n<!-- \/ Yoast SEO plugin. -->","yoast_head_json":{"title":"Pol\u00edtica de Privacidade - Proteja seus Dados | HomePortugal","description":"Leia a pol\u00edtica de privacidade de HomePortugal e descubra como protegemos seus dados pessoais no processo de compra de im\u00f3veis em Portugal.","robots":{"index":"index","follow":"follow","max-snippet":"max-snippet:-1","max-image-preview":"max-image-preview:large","max-video-preview":"max-video-preview:-1"},"canonical":"https:\/\/homeportugal.ch\/pt-pt\/politica-de-privacidade-imoveis-portugal\/","og_locale":"pt_PT","og_type":"article","og_title":"Pol\u00edtica de Privacidade Portugal: A seguran\u00e7a dos teus dados \u00e9 importante","og_description":"L\u00ea a nossa Pol\u00edtica de Privacidade Portugal para perceberes como protegemos a tua informa\u00e7\u00e3o pessoal em homeportugal.ch.","og_url":"https:\/\/homeportugal.ch\/pt-pt\/politica-de-privacidade-imoveis-portugal\/","og_site_name":"HomePortugal","article_publisher":"https:\/\/www.facebook.com\/profile.php?id=61573560402964","article_modified_time":"2025-03-23T08:23:06+00:00","og_image":[{"url":"https:\/\/homeportugal.ch\/wp-content\/uploads\/2025\/02\/logo_social_homeportugal_biger-300x300.jpg","type":"","width":"","height":""}],"twitter_card":"summary_large_image","twitter_title":"Pol\u00edtica de Privacidade Portugal: Os teus dados s\u00e3o importantes","twitter_description":"Compreende a nossa Pol\u00edtica de Privacidade Portugal. Estamos empenhados em proteger a tua informa\u00e7\u00e3o e a privacidade do utilizador no nosso website.","twitter_site":"@HomePortugalCH","twitter_misc":{"Tempo estimado de leitura":"3 minutos"},"schema":{"@context":"https:\/\/schema.org","@graph":[{"@type":"WebPage","@id":"https:\/\/homeportugal.ch\/pt-pt\/politica-de-privacidade-imoveis-portugal\/","url":"https:\/\/homeportugal.ch\/pt-pt\/politica-de-privacidade-imoveis-portugal\/","name":"Pol\u00edtica de Privacidade - Proteja seus Dados | HomePortugal","isPartOf":{"@id":"https:\/\/homeportugal.ch\/pt-pt\/#website"},"datePublished":"2025-02-16T14:02:41+00:00","dateModified":"2025-03-23T08:23:06+00:00","description":"Leia a pol\u00edtica de privacidade de HomePortugal e descubra como protegemos seus dados pessoais no processo de compra de im\u00f3veis em Portugal.","breadcrumb":{"@id":"https:\/\/homeportugal.ch\/pt-pt\/politica-de-privacidade-imoveis-portugal\/#breadcrumb"},"inLanguage":"pt-PT","potentialAction":[{"@type":"ReadAction","target":["https:\/\/homeportugal.ch\/pt-pt\/politica-de-privacidade-imoveis-portugal\/"]}]},{"@type":"BreadcrumbList","@id":"https:\/\/homeportugal.ch\/pt-pt\/politica-de-privacidade-imoveis-portugal\/#breadcrumb","itemListElement":[{"@type":"ListItem","position":1,"name":"Casa","item":"https:\/\/homeportugal.ch\/pt-pt\/"},{"@type":"ListItem","position":2,"name":"Pol\u00edtica de privacidade"}]},{"@type":"WebSite","@id":"https:\/\/homeportugal.ch\/pt-pt\/#website","url":"https:\/\/homeportugal.ch\/pt-pt\/","name":"Home portugal","description":"A casa dos seus sonhos em Portugal","publisher":{"@id":"https:\/\/homeportugal.ch\/pt-pt\/#organization"},"potentialAction":[{"@type":"SearchAction","target":{"@type":"EntryPoint","urlTemplate":"https:\/\/homeportugal.ch\/pt-pt\/?s={search_term_string}"},"query-input":{"@type":"PropertyValueSpecification","valueRequired":true,"valueName":"search_term_string"}}],"inLanguage":"pt-PT"},{"@type":"Organization","@id":"https:\/\/homeportugal.ch\/pt-pt\/#organization","name":"Home Portugal","url":"https:\/\/homeportugal.ch\/pt-pt\/","logo":{"@type":"ImageObject","inLanguage":"pt-PT","@id":"https:\/\/homeportugal.ch\/pt-pt\/#\/schema\/logo\/image\/","url":"https:\/\/homeportugal.ch\/wp-content\/uploads\/2025\/05\/favicon.svg","contentUrl":"https:\/\/homeportugal.ch\/wp-content\/uploads\/2025\/05\/favicon.svg","width":512,"height":512,"caption":"Home Portugal"},"image":{"@id":"https:\/\/homeportugal.ch\/pt-pt\/#\/schema\/logo\/image\/"},"sameAs":["https:\/\/www.facebook.com\/profile.php?id=61573560402964","https:\/\/x.com\/HomePortugalCH","https:\/\/www.instagram.com\/homeportugalch\/","https:\/\/www.tiktok.com\/@home.portugal"]}]}},"_links":{"self":[{"href":"https:\/\/homeportugal.ch\/pt-pt\/wp-json\/wp\/v2\/pages\/20286","targetHints":{"allow":["GET"]}}],"collection":[{"href":"https:\/\/homeportugal.ch\/pt-pt\/wp-json\/wp\/v2\/pages"}],"about":[{"href":"https:\/\/homeportugal.ch\/pt-pt\/wp-json\/wp\/v2\/types\/page"}],"author":[{"embeddable":true,"href":"https:\/\/homeportugal.ch\/pt-pt\/wp-json\/wp\/v2\/users\/1"}],"replies":[{"embeddable":true,"href":"https:\/\/homeportugal.ch\/pt-pt\/wp-json\/wp\/v2\/comments?post=20286"}],"version-history":[{"count":0,"href":"https:\/\/homeportugal.ch\/pt-pt\/wp-json\/wp\/v2\/pages\/20286\/revisions"}],"wp:attachment":[{"href":"https:\/\/homeportugal.ch\/pt-pt\/wp-json\/wp\/v2\/media?parent=20286"}],"curies":[{"name":"wp","href":"https:\/\/api.w.org\/{rel}","templated":true}]}}