{"id":20316,"date":"2016-01-18T20:40:57","date_gmt":"2016-01-18T19:40:57","guid":{"rendered":"https:\/\/homeportugal.ch\/propriedades-favoritas\/"},"modified":"2025-03-23T09:30:50","modified_gmt":"2025-03-23T08:30:50","slug":"propriedades-favoritas-portugal","status":"publish","type":"page","link":"https:\/\/homeportugal.ch\/pt-pt\/propriedades-favoritas-portugal\/","title":{"rendered":"Propriedades favoritas"},"content":{"rendered":"","protected":false},"excerpt":{"rendered":"","protected":false},"author":1,"featured_media":0,"parent":0,"menu_order":0,"comment_status":"closed","ping_status":"closed","template":"template\/user_dashboard_favorites.php","meta":{"footnotes":""},"class_list":["post-20316","page","type-page","status-publish","hentry"],"yoast_head":"<!-- This site is optimized with the Yoast SEO plugin v27.4 - https:\/\/yoast.com\/product\/yoast-seo-wordpress\/ -->\n<title>Propriedades Favoritas em Portugal | Encontre Sua Casa Ideal<\/title>\n<meta name=\"description\" content=\"Descubra as propriedades favoritas em Portugal. Encontre im\u00f3veis de luxo e normais para comprar e investir com HomePortugal.\" \/>\n<meta name=\"robots\" content=\"index, follow, max-snippet:-1, max-image-preview:large, max-video-preview:-1\" \/>\n<link rel=\"canonical\" href=\"https:\/\/homeportugal.ch\/pt-pt\/propriedades-favoritas-portugal\/\" \/>\n<meta property=\"og:locale\" content=\"pt_PT\" \/>\n<meta property=\"og:type\" content=\"article\" \/>\n<meta property=\"og:title\" content=\"Propriedades favoritas Portugal: A tua casa de sonho est\u00e1 \u00e0 espera\" \/>\n<meta property=\"og:description\" content=\"Descobre o encanto das propriedades favoritas de Portugal. Descobre porque s\u00e3o procurados por muitos compradores de casa.\" \/>\n<meta property=\"og:url\" content=\"https:\/\/homeportugal.ch\/pt-pt\/propriedades-favoritas-portugal\/\" \/>\n<meta property=\"og:site_name\" content=\"HomePortugal\" \/>\n<meta property=\"article:publisher\" content=\"https:\/\/www.facebook.com\/profile.php?id=61573560402964\" \/>\n<meta property=\"article:modified_time\" content=\"2025-03-23T08:30:50+00:00\" \/>\n<meta property=\"og:image\" content=\"https:\/\/homeportugal.ch\/wp-content\/uploads\/2023\/01\/icon-02a-300x286.png\" \/>\n<meta name=\"twitter:card\" content=\"summary_large_image\" \/>\n<meta name=\"twitter:title\" content=\"Propriedades favoritas Portugal para umas f\u00e9rias de sonho\" \/>\n<meta name=\"twitter:description\" content=\"Explora as nossas propriedades favoritas que Portugal tem para oferecer. Descobre a tua casa de sonho neste belo pa\u00eds.\" \/>\n<meta name=\"twitter:site\" content=\"@HomePortugalCH\" \/>\n<script type=\"application\/ld+json\" class=\"yoast-schema-graph\">{\"@context\":\"https:\\\/\\\/schema.org\",\"@graph\":[{\"@type\":\"WebPage\",\"@id\":\"https:\\\/\\\/homeportugal.ch\\\/pt-pt\\\/propriedades-favoritas-portugal\\\/\",\"url\":\"https:\\\/\\\/homeportugal.ch\\\/pt-pt\\\/propriedades-favoritas-portugal\\\/\",\"name\":\"Propriedades Favoritas em Portugal | Encontre Sua Casa Ideal\",\"isPartOf\":{\"@id\":\"https:\\\/\\\/homeportugal.ch\\\/pt-pt\\\/#website\"},\"datePublished\":\"2016-01-18T19:40:57+00:00\",\"dateModified\":\"2025-03-23T08:30:50+00:00\",\"description\":\"Descubra as propriedades favoritas em Portugal. Encontre im\u00f3veis de luxo e normais para comprar e investir com HomePortugal.\",\"breadcrumb\":{\"@id\":\"https:\\\/\\\/homeportugal.ch\\\/pt-pt\\\/propriedades-favoritas-portugal\\\/#breadcrumb\"},\"inLanguage\":\"pt-PT\",\"potentialAction\":[{\"@type\":\"ReadAction\",\"target\":[\"https:\\\/\\\/homeportugal.ch\\\/pt-pt\\\/propriedades-favoritas-portugal\\\/\"]}]},{\"@type\":\"BreadcrumbList\",\"@id\":\"https:\\\/\\\/homeportugal.ch\\\/pt-pt\\\/propriedades-favoritas-portugal\\\/#breadcrumb\",\"itemListElement\":[{\"@type\":\"ListItem\",\"position\":1,\"name\":\"Casa\",\"item\":\"https:\\\/\\\/homeportugal.ch\\\/pt-pt\\\/\"},{\"@type\":\"ListItem\",\"position\":2,\"name\":\"Propriedades favoritas\"}]},{\"@type\":\"WebSite\",\"@id\":\"https:\\\/\\\/homeportugal.ch\\\/pt-pt\\\/#website\",\"url\":\"https:\\\/\\\/homeportugal.ch\\\/pt-pt\\\/\",\"name\":\"Home portugal\",\"description\":\"A casa dos seus sonhos em Portugal\",\"publisher\":{\"@id\":\"https:\\\/\\\/homeportugal.ch\\\/pt-pt\\\/#organization\"},\"potentialAction\":[{\"@type\":\"SearchAction\",\"target\":{\"@type\":\"EntryPoint\",\"urlTemplate\":\"https:\\\/\\\/homeportugal.ch\\\/pt-pt\\\/?s={search_term_string}\"},\"query-input\":{\"@type\":\"PropertyValueSpecification\",\"valueRequired\":true,\"valueName\":\"search_term_string\"}}],\"inLanguage\":\"pt-PT\"},{\"@type\":\"Organization\",\"@id\":\"https:\\\/\\\/homeportugal.ch\\\/pt-pt\\\/#organization\",\"name\":\"Home Portugal\",\"url\":\"https:\\\/\\\/homeportugal.ch\\\/pt-pt\\\/\",\"logo\":{\"@type\":\"ImageObject\",\"inLanguage\":\"pt-PT\",\"@id\":\"https:\\\/\\\/homeportugal.ch\\\/pt-pt\\\/#\\\/schema\\\/logo\\\/image\\\/\",\"url\":\"https:\\\/\\\/homeportugal.ch\\\/wp-content\\\/uploads\\\/2025\\\/05\\\/favicon.svg\",\"contentUrl\":\"https:\\\/\\\/homeportugal.ch\\\/wp-content\\\/uploads\\\/2025\\\/05\\\/favicon.svg\",\"width\":512,\"height\":512,\"caption\":\"Home Portugal\"},\"image\":{\"@id\":\"https:\\\/\\\/homeportugal.ch\\\/pt-pt\\\/#\\\/schema\\\/logo\\\/image\\\/\"},\"sameAs\":[\"https:\\\/\\\/www.facebook.com\\\/profile.php?id=61573560402964\",\"https:\\\/\\\/x.com\\\/HomePortugalCH\",\"https:\\\/\\\/www.instagram.com\\\/homeportugalch\\\/\",\"https:\\\/\\\/www.tiktok.com\\\/@home.portugal\"]}]}<\/script>\n<!-- \/ Yoast SEO plugin. -->","yoast_head_json":{"title":"Propriedades Favoritas em Portugal | Encontre Sua Casa Ideal","description":"Descubra as propriedades favoritas em Portugal. Encontre im\u00f3veis de luxo e normais para comprar e investir com HomePortugal.","robots":{"index":"index","follow":"follow","max-snippet":"max-snippet:-1","max-image-preview":"max-image-preview:large","max-video-preview":"max-video-preview:-1"},"canonical":"https:\/\/homeportugal.ch\/pt-pt\/propriedades-favoritas-portugal\/","og_locale":"pt_PT","og_type":"article","og_title":"Propriedades favoritas Portugal: A tua casa de sonho est\u00e1 \u00e0 espera","og_description":"Descobre o encanto das propriedades favoritas de Portugal. Descobre porque s\u00e3o procurados por muitos compradores de casa.","og_url":"https:\/\/homeportugal.ch\/pt-pt\/propriedades-favoritas-portugal\/","og_site_name":"HomePortugal","article_publisher":"https:\/\/www.facebook.com\/profile.php?id=61573560402964","article_modified_time":"2025-03-23T08:30:50+00:00","og_image":[{"url":"https:\/\/homeportugal.ch\/wp-content\/uploads\/2023\/01\/icon-02a-300x286.png","type":"","width":"","height":""}],"twitter_card":"summary_large_image","twitter_title":"Propriedades favoritas Portugal para umas f\u00e9rias de sonho","twitter_description":"Explora as nossas propriedades favoritas que Portugal tem para oferecer. Descobre a tua casa de sonho neste belo pa\u00eds.","twitter_site":"@HomePortugalCH","schema":{"@context":"https:\/\/schema.org","@graph":[{"@type":"WebPage","@id":"https:\/\/homeportugal.ch\/pt-pt\/propriedades-favoritas-portugal\/","url":"https:\/\/homeportugal.ch\/pt-pt\/propriedades-favoritas-portugal\/","name":"Propriedades Favoritas em Portugal | Encontre Sua Casa Ideal","isPartOf":{"@id":"https:\/\/homeportugal.ch\/pt-pt\/#website"},"datePublished":"2016-01-18T19:40:57+00:00","dateModified":"2025-03-23T08:30:50+00:00","description":"Descubra as propriedades favoritas em Portugal. Encontre im\u00f3veis de luxo e normais para comprar e investir com HomePortugal.","breadcrumb":{"@id":"https:\/\/homeportugal.ch\/pt-pt\/propriedades-favoritas-portugal\/#breadcrumb"},"inLanguage":"pt-PT","potentialAction":[{"@type":"ReadAction","target":["https:\/\/homeportugal.ch\/pt-pt\/propriedades-favoritas-portugal\/"]}]},{"@type":"BreadcrumbList","@id":"https:\/\/homeportugal.ch\/pt-pt\/propriedades-favoritas-portugal\/#breadcrumb","itemListElement":[{"@type":"ListItem","position":1,"name":"Casa","item":"https:\/\/homeportugal.ch\/pt-pt\/"},{"@type":"ListItem","position":2,"name":"Propriedades favoritas"}]},{"@type":"WebSite","@id":"https:\/\/homeportugal.ch\/pt-pt\/#website","url":"https:\/\/homeportugal.ch\/pt-pt\/","name":"Home portugal","description":"A casa dos seus sonhos em Portugal","publisher":{"@id":"https:\/\/homeportugal.ch\/pt-pt\/#organization"},"potentialAction":[{"@type":"SearchAction","target":{"@type":"EntryPoint","urlTemplate":"https:\/\/homeportugal.ch\/pt-pt\/?s={search_term_string}"},"query-input":{"@type":"PropertyValueSpecification","valueRequired":true,"valueName":"search_term_string"}}],"inLanguage":"pt-PT"},{"@type":"Organization","@id":"https:\/\/homeportugal.ch\/pt-pt\/#organization","name":"Home Portugal","url":"https:\/\/homeportugal.ch\/pt-pt\/","logo":{"@type":"ImageObject","inLanguage":"pt-PT","@id":"https:\/\/homeportugal.ch\/pt-pt\/#\/schema\/logo\/image\/","url":"https:\/\/homeportugal.ch\/wp-content\/uploads\/2025\/05\/favicon.svg","contentUrl":"https:\/\/homeportugal.ch\/wp-content\/uploads\/2025\/05\/favicon.svg","width":512,"height":512,"caption":"Home Portugal"},"image":{"@id":"https:\/\/homeportugal.ch\/pt-pt\/#\/schema\/logo\/image\/"},"sameAs":["https:\/\/www.facebook.com\/profile.php?id=61573560402964","https:\/\/x.com\/HomePortugalCH","https:\/\/www.instagram.com\/homeportugalch\/","https:\/\/www.tiktok.com\/@home.portugal"]}]}},"_links":{"self":[{"href":"https:\/\/homeportugal.ch\/pt-pt\/wp-json\/wp\/v2\/pages\/20316","targetHints":{"allow":["GET"]}}],"collection":[{"href":"https:\/\/homeportugal.ch\/pt-pt\/wp-json\/wp\/v2\/pages"}],"about":[{"href":"https:\/\/homeportugal.ch\/pt-pt\/wp-json\/wp\/v2\/types\/page"}],"author":[{"embeddable":true,"href":"https:\/\/homeportugal.ch\/pt-pt\/wp-json\/wp\/v2\/users\/1"}],"replies":[{"embeddable":true,"href":"https:\/\/homeportugal.ch\/pt-pt\/wp-json\/wp\/v2\/comments?post=20316"}],"version-history":[{"count":0,"href":"https:\/\/homeportugal.ch\/pt-pt\/wp-json\/wp\/v2\/pages\/20316\/revisions"}],"wp:attachment":[{"href":"https:\/\/homeportugal.ch\/pt-pt\/wp-json\/wp\/v2\/media?parent=20316"}],"curies":[{"name":"wp","href":"https:\/\/api.w.org\/{rel}","templated":true}]}}